{"id":209031,"date":"2024-03-27T11:37:03","date_gmt":"2024-03-27T10:37:03","guid":{"rendered":"https:\/\/kustomshop.kinsta.cloud\/?post_type=product&#038;p=209031"},"modified":"2026-02-05T13:57:51","modified_gmt":"2026-02-05T12:57:51","slug":"sv-performance-t-shirt-polyester","status":"publish","type":"product","link":"https:\/\/shop.kustom.ch\/fr\/produit\/sv-performance-t-shirt-polyester\/","title":{"rendered":"T-shirt SV PERFORMANCE en polyester"},"content":{"rendered":"<p>Notre polyvalent fonctionnel est adapt\u00e9 \u00e0 toutes les activit\u00e9s.<\/p>\n<p>Mat\u00e9riau tr\u00e8s agr\u00e9able, l\u00e9ger, \u00e0 s\u00e9chage rapide et r\u00e9gulant l'humidit\u00e9<\/p>\n<p>Coutures plates pour un minimum de frottement et un maximum de confort<\/p>\n<p>Inserts en mesh sur le c\u00f4t\u00e9 et sur la clavicule<\/p>\n<p>Mat\u00e9riau : polyester 100%<\/p>\n<p>Inserts : 100% polyester<\/p>\n<p>Mati\u00e8re : 90% polyester, 10% \u00e9lasthanne<\/p>","protected":false},"excerpt":{"rendered":"<p>rouge<\/p>\n<p>Impression poitrine \u00e0 gauche : drapeau CH avec Suisse<\/p>\n<p>Impression derri\u00e8re Suisse Volleyball<\/p>","protected":false},"featured_media":135483,"template":"","meta":[],"product_brand":[],"product_cat":[6450],"product_tag":[],"class_list":{"0":"post-209031","1":"product","2":"type-product","3":"status-publish","4":"has-post-thumbnail","6":"product_cat-swissvolley","8":"first","9":"instock","10":"taxable","11":"shipping-taxable","12":"purchasable","13":"product-type-variable","14":"add-to-wishlist-before_image"},"exclude_global_add_ons":[],"addons":[],"acf":[],"_links":{"self":[{"href":"https:\/\/shop.kustom.ch\/fr\/wp-json\/wp\/v2\/product\/209031"}],"collection":[{"href":"https:\/\/shop.kustom.ch\/fr\/wp-json\/wp\/v2\/product"}],"about":[{"href":"https:\/\/shop.kustom.ch\/fr\/wp-json\/wp\/v2\/types\/product"}],"wp:featuredmedia":[{"embeddable":true,"href":"https:\/\/shop.kustom.ch\/fr\/wp-json\/wp\/v2\/media\/135483"}],"wp:attachment":[{"href":"https:\/\/shop.kustom.ch\/fr\/wp-json\/wp\/v2\/media?parent=209031"}],"wp:term":[{"taxonomy":"product_brand","embeddable":true,"href":"https:\/\/shop.kustom.ch\/fr\/wp-json\/wp\/v2\/product_brand?post=209031"},{"taxonomy":"product_cat","embeddable":true,"href":"https:\/\/shop.kustom.ch\/fr\/wp-json\/wp\/v2\/product_cat?post=209031"},{"taxonomy":"product_tag","embeddable":true,"href":"https:\/\/shop.kustom.ch\/fr\/wp-json\/wp\/v2\/product_tag?post=209031"}],"curies":[{"name":"wp","href":"https:\/\/api.w.org\/{rel}","templated":true}]}}