{"id":209005,"date":"2024-03-27T11:36:37","date_gmt":"2024-03-27T10:36:37","guid":{"rendered":"https:\/\/kustomshop.kinsta.cloud\/?post_type=product&#038;p=209005"},"modified":"2024-12-11T19:57:06","modified_gmt":"2024-12-11T18:57:06","slug":"sv-funktions-poloshirt-frauen","status":"publish","type":"product","link":"https:\/\/shop.kustom.ch\/fr\/produit\/sv-funktions-poloshirt-frauen\/","title":{"rendered":"Polo fonctionnel SV Femmes"},"content":{"rendered":"<ul>\n<li>Pour l'entra\u00eenement et les loisirs : avec ce polo fonctionnel sportif et \u00e9l\u00e9gant, tu obtiens un confort agr\u00e9able dans toutes les situations.<\/li>\n<li>Mat\u00e9riau fonctionnel tr\u00e8s l\u00e9ger et doux<\/li>\n<li>S\u00e9chage rapide et r\u00e9gulation de l'humidit\u00e9<\/li>\n<li>Fente lat\u00e9rale courte<\/li>\n<li>Patte de boutonnage \u00e0 3 boutons<\/li>\n<li>col jacquard pour une meilleure r\u00e9gulation de la temp\u00e9rature corporelle au niveau du cou<\/li>\n<li>Coupe cintr\u00e9e<\/li>\n<\/ul>\n<p>Mati\u00e8re : 100% polyester recycl\u00e9<\/p>","protected":false},"excerpt":{"rendered":"<p>noir<\/p>\n<p>Impression devant : poitrine \u00e0 gauche drapeau CH en couleur avec Suisse<\/p>\n<p>Derri\u00e8re : Suisse Volleyball<\/p>","protected":false},"featured_media":135479,"template":"","meta":[],"product_brand":[],"product_cat":[6450],"product_tag":[],"class_list":{"0":"post-209005","1":"product","2":"type-product","3":"status-publish","4":"has-post-thumbnail","6":"product_cat-swissvolley","8":"first","9":"instock","10":"taxable","11":"shipping-taxable","12":"purchasable","13":"product-type-variable","14":"add-to-wishlist-before_image"},"exclude_global_add_ons":[],"addons":[],"acf":[],"_links":{"self":[{"href":"https:\/\/shop.kustom.ch\/fr\/wp-json\/wp\/v2\/product\/209005"}],"collection":[{"href":"https:\/\/shop.kustom.ch\/fr\/wp-json\/wp\/v2\/product"}],"about":[{"href":"https:\/\/shop.kustom.ch\/fr\/wp-json\/wp\/v2\/types\/product"}],"wp:featuredmedia":[{"embeddable":true,"href":"https:\/\/shop.kustom.ch\/fr\/wp-json\/wp\/v2\/media\/135479"}],"wp:attachment":[{"href":"https:\/\/shop.kustom.ch\/fr\/wp-json\/wp\/v2\/media?parent=209005"}],"wp:term":[{"taxonomy":"product_brand","embeddable":true,"href":"https:\/\/shop.kustom.ch\/fr\/wp-json\/wp\/v2\/product_brand?post=209005"},{"taxonomy":"product_cat","embeddable":true,"href":"https:\/\/shop.kustom.ch\/fr\/wp-json\/wp\/v2\/product_cat?post=209005"},{"taxonomy":"product_tag","embeddable":true,"href":"https:\/\/shop.kustom.ch\/fr\/wp-json\/wp\/v2\/product_tag?post=209005"}],"curies":[{"name":"wp","href":"https:\/\/api.w.org\/{rel}","templated":true}]}}