{"id":208981,"date":"2024-03-27T11:36:13","date_gmt":"2024-03-27T10:36:13","guid":{"rendered":"https:\/\/kustomshop.kinsta.cloud\/?post_type=product&#038;p=208981"},"modified":"2026-01-26T20:03:04","modified_gmt":"2026-01-26T19:03:04","slug":"sv-promo-t-shirt","status":"publish","type":"product","link":"https:\/\/shop.kustom.ch\/fr\/produit\/sv-promo-t-shirt\/","title":{"rendered":"T-shirt SV Promo"},"content":{"rendered":"<p>Le compagnon id\u00e9al pour le sport et les loisirs.<\/p>\n<p>Agr\u00e9able \u00e0 porter gr\u00e2ce au coton doux pour la peau<\/p>\n<p>Poids : env. 160 g\/m<\/p>\n<p>Mati\u00e8re : 100% coton<\/p>\n<p>Mati\u00e8re : 80% coton, 20% polyester<\/p>","protected":false},"excerpt":{"rendered":"<p>rouge<\/p>\n<p>Impression manches : Logo SwissVolley<\/p>\n<p>Derri\u00e8re : Suisse Volleyball<\/p>","protected":false},"featured_media":135481,"template":"","meta":[],"product_brand":[],"product_cat":[6450],"product_tag":[],"class_list":{"0":"post-208981","1":"product","2":"type-product","3":"status-publish","4":"has-post-thumbnail","6":"product_cat-swissvolley","8":"first","9":"instock","10":"taxable","11":"shipping-taxable","12":"purchasable","13":"product-type-variable","14":"add-to-wishlist-before_image"},"exclude_global_add_ons":[],"addons":[],"acf":[],"_links":{"self":[{"href":"https:\/\/shop.kustom.ch\/fr\/wp-json\/wp\/v2\/product\/208981"}],"collection":[{"href":"https:\/\/shop.kustom.ch\/fr\/wp-json\/wp\/v2\/product"}],"about":[{"href":"https:\/\/shop.kustom.ch\/fr\/wp-json\/wp\/v2\/types\/product"}],"wp:featuredmedia":[{"embeddable":true,"href":"https:\/\/shop.kustom.ch\/fr\/wp-json\/wp\/v2\/media\/135481"}],"wp:attachment":[{"href":"https:\/\/shop.kustom.ch\/fr\/wp-json\/wp\/v2\/media?parent=208981"}],"wp:term":[{"taxonomy":"product_brand","embeddable":true,"href":"https:\/\/shop.kustom.ch\/fr\/wp-json\/wp\/v2\/product_brand?post=208981"},{"taxonomy":"product_cat","embeddable":true,"href":"https:\/\/shop.kustom.ch\/fr\/wp-json\/wp\/v2\/product_cat?post=208981"},{"taxonomy":"product_tag","embeddable":true,"href":"https:\/\/shop.kustom.ch\/fr\/wp-json\/wp\/v2\/product_tag?post=208981"}],"curies":[{"name":"wp","href":"https:\/\/api.w.org\/{rel}","templated":true}]}}