{"id":208956,"date":"2024-03-27T11:35:47","date_gmt":"2024-03-27T10:35:47","guid":{"rendered":"https:\/\/kustomshop.kinsta.cloud\/?post_type=product&#038;p=208956"},"modified":"2025-01-19T20:50:41","modified_gmt":"2025-01-19T19:50:41","slug":"sv-squad-trainingsjacke-mit-kapuze-frauen","status":"publish","type":"product","link":"https:\/\/shop.kustom.ch\/fr\/produit\/sv-squad-trainingsjacke-mit-kapuze-frauen\/","title":{"rendered":"Veste d'entra\u00eenement SV Squad avec capuche femmes"},"content":{"rendered":"<p>Une multitude de combinaisons possibles.<\/p>\n<p>Mat\u00e9riau fonctionnel doux<\/p>\n<p>Col haut avec capuche et cordon de serrage<\/p>\n<p>Poignets et ourlet arri\u00e8re c\u00f4tel\u00e9s<\/p>\n<p>Poches lat\u00e9rales zipp\u00e9es<\/p>\n<p>Coupe cintr\u00e9e<\/p>\n<p>Mat\u00e9riau : polyester 100%<\/p>\n<p>Mat\u00e9riau : polyamide 100%<\/p>\n<p>Doublure int\u00e9rieure : 100% polyester<\/p>","protected":false},"excerpt":{"rendered":"<p>rouge\/noir\/blanc<\/p>\n<p>Impression devant : poitrine \u00e0 gauche drapeau CH avec Suisse<\/p>\n<p>Impression au dos : SUISSE VOLLEYBALL (sous la capuche)<\/p>","protected":false},"featured_media":135464,"template":"","meta":[],"product_brand":[],"product_cat":[6450],"product_tag":[],"class_list":{"0":"post-208956","1":"product","2":"type-product","3":"status-publish","4":"has-post-thumbnail","6":"product_cat-swissvolley","8":"first","9":"instock","10":"taxable","11":"shipping-taxable","12":"purchasable","13":"product-type-variable","14":"add-to-wishlist-before_image"},"exclude_global_add_ons":[],"addons":[],"acf":[],"_links":{"self":[{"href":"https:\/\/shop.kustom.ch\/fr\/wp-json\/wp\/v2\/product\/208956"}],"collection":[{"href":"https:\/\/shop.kustom.ch\/fr\/wp-json\/wp\/v2\/product"}],"about":[{"href":"https:\/\/shop.kustom.ch\/fr\/wp-json\/wp\/v2\/types\/product"}],"wp:featuredmedia":[{"embeddable":true,"href":"https:\/\/shop.kustom.ch\/fr\/wp-json\/wp\/v2\/media\/135464"}],"wp:attachment":[{"href":"https:\/\/shop.kustom.ch\/fr\/wp-json\/wp\/v2\/media?parent=208956"}],"wp:term":[{"taxonomy":"product_brand","embeddable":true,"href":"https:\/\/shop.kustom.ch\/fr\/wp-json\/wp\/v2\/product_brand?post=208956"},{"taxonomy":"product_cat","embeddable":true,"href":"https:\/\/shop.kustom.ch\/fr\/wp-json\/wp\/v2\/product_cat?post=208956"},{"taxonomy":"product_tag","embeddable":true,"href":"https:\/\/shop.kustom.ch\/fr\/wp-json\/wp\/v2\/product_tag?post=208956"}],"curies":[{"name":"wp","href":"https:\/\/api.w.org\/{rel}","templated":true}]}}