{"id":208924,"date":"2024-03-27T11:34:18","date_gmt":"2024-03-27T10:34:18","guid":{"rendered":"https:\/\/kustomshop.kinsta.cloud\/?post_type=product&#038;p=208924"},"modified":"2025-06-04T09:12:20","modified_gmt":"2025-06-04T08:12:20","slug":"team-thurgau-t-shirt-run-2-0","status":"publish","type":"product","link":"https:\/\/shop.kustom.ch\/fr\/produit\/team-thurgau-t-shirt-run-2-0\/","title":{"rendered":"Team Thurgau T-Shirt Run 2.0"},"content":{"rendered":"<ul>\n<li data-pm-slice=\"1 1 []\"><strong>Vous pouvez commander jusqu'\u00e0 11 t-shirts par commande.<\/strong><\/li>\n<li data-pm-slice=\"1 1 []\"><strong>Les textiles imprim\u00e9s ne peuvent pas \u00eatre retourn\u00e9s.<\/strong><\/li>\n<li data-pm-slice=\"1 1 []\"><strong>Lors du paiement, utiliser l'adresse de facturation suivante :<\/strong>Soci\u00e9t\u00e9\/association : Canton de ThurgoviePr\u00e9nom : GeraldineNom de famille : BaslerAdresse : Z\u00fcrcherstrasse 177\n<p>D\u00e9partement de l'\u00e9ducation et de la culture (DEK), Office du sport<\/p>\n<p>Code postal : 8510<\/p>\n<p>Lieu\/ville : Frauenfeld<\/li>\n<li data-pm-slice=\"1 1 []\"><strong>Les achats priv\u00e9s de shop.kustom doivent \u00eatre command\u00e9s s\u00e9par\u00e9ment et pay\u00e9s par carte.<\/strong><\/li>\n<\/ul>\n<p>-<\/p>\n<p>dos en micromesh<br \/>\n<span style=\"background-color: var(--body-bg-color); color: var(--body-color); font-family: var(--body-font-family),sans-serif; font-size: 1.125rem; font-weight: var(--body-font-weight,400);\">Coutures flatlock<br \/>\n<\/span><span style=\"background-color: var(--body-bg-color); color: var(--body-color); font-family: var(--body-font-family),sans-serif; font-size: 1.125rem; font-weight: var(--body-font-weight,400);\">Polyester-Micro-Mesh<br \/>\n<\/span><span style=\"background-color: var(--body-bg-color); color: var(--body-color); font-family: var(--body-font-family),sans-serif; font-size: 1.125rem; font-weight: var(--body-font-weight,400);\">M\u00e9lange de mat\u00e9riaux<\/span><\/p>","protected":false},"excerpt":{"rendered":"<ul>\n<li data-pm-slice=\"1 1 []\"><strong><strong><strong>Vous pouvez commander jusqu'\u00e0 11 t-shirts par commande.<\/strong><\/strong><\/strong><\/li>\n<li data-pm-slice=\"1 1 []\"><strong><strong><strong>Les textiles imprim\u00e9s ne peuvent pas \u00eatre retourn\u00e9s.<\/strong><\/strong><\/strong><\/li>\n<li data-pm-slice=\"1 1 []\"><strong><strong>Lors du paiement, utiliser l'adresse de facturation suivante :<\/strong><\/strong>Soci\u00e9t\u00e9\/association : Canton de ThurgoviePr\u00e9nom : GeraldineNom de famille : BaslerAdresse : Z\u00fcrcherstrasse 177Departement de l'\u00e9ducation et de la culture (DEK), Service des sports\n<p>Code postal : 8510<\/p>\n<p>Lieu\/ville : Frauenfeld<\/li>\n<li data-pm-slice=\"1 1 []\"><strong>Les achats priv\u00e9s de shop.kustom doivent \u00eatre command\u00e9s s\u00e9par\u00e9ment et pay\u00e9s par carte.<\/strong><\/li>\n<\/ul>","protected":false},"featured_media":669487,"template":"","meta":[],"product_brand":[],"product_cat":[6361],"product_tag":[],"class_list":{"0":"post-208924","1":"product","2":"type-product","3":"status-publish","4":"has-post-thumbnail","6":"product_cat-sportamt-thurgau","8":"first","9":"instock","10":"taxable","11":"shipping-taxable","12":"purchasable","13":"product-type-variable","14":"add-to-wishlist-before_image"},"exclude_global_add_ons":[],"addons":[],"acf":[],"_links":{"self":[{"href":"https:\/\/shop.kustom.ch\/fr\/wp-json\/wp\/v2\/product\/208924"}],"collection":[{"href":"https:\/\/shop.kustom.ch\/fr\/wp-json\/wp\/v2\/product"}],"about":[{"href":"https:\/\/shop.kustom.ch\/fr\/wp-json\/wp\/v2\/types\/product"}],"wp:featuredmedia":[{"embeddable":true,"href":"https:\/\/shop.kustom.ch\/fr\/wp-json\/wp\/v2\/media\/669487"}],"wp:attachment":[{"href":"https:\/\/shop.kustom.ch\/fr\/wp-json\/wp\/v2\/media?parent=208924"}],"wp:term":[{"taxonomy":"product_brand","embeddable":true,"href":"https:\/\/shop.kustom.ch\/fr\/wp-json\/wp\/v2\/product_brand?post=208924"},{"taxonomy":"product_cat","embeddable":true,"href":"https:\/\/shop.kustom.ch\/fr\/wp-json\/wp\/v2\/product_cat?post=208924"},{"taxonomy":"product_tag","embeddable":true,"href":"https:\/\/shop.kustom.ch\/fr\/wp-json\/wp\/v2\/product_tag?post=208924"}],"curies":[{"name":"wp","href":"https:\/\/api.w.org\/{rel}","templated":true}]}}