{"id":208841,"date":"2024-03-27T11:30:34","date_gmt":"2024-03-27T10:30:34","guid":{"rendered":"https:\/\/kustomshop.kinsta.cloud\/?post_type=product&#038;p=208841"},"modified":"2024-03-27T11:30:56","modified_gmt":"2024-03-27T10:30:56","slug":"net-prime-tee-m-3","status":"publish","type":"product","link":"https:\/\/shop.kustom.ch\/fr\/produit\/net-prime-tee-m-3\/","title":{"rendered":"Tee NET Prime M"},"content":{"rendered":"<p>- Excellente gestion de l'humidit\u00e9<\/p>\n<p>- Logo r\u00e9fl\u00e9chissant pour une meilleure visibilit\u00e9<\/p>\n<p>- Toucher doux et agr\u00e9able<\/p>\n<p>- L\u00e9ger<\/p>\n<p>100% Polyester<br \/>\n130 gr\/m\u00b2<br \/>\nMachineWash40;DoNotTumble;DoNotDryClean;DoNotBleach;IroningLowTemp<\/p>","protected":false},"excerpt":{"rendered":"<p>&#8211; Tolles Feuchtigkeitsmanagement &#8211; Reflektierendes Logo f\u00fcr bessere Sichtbarkeit &#8211; Angenehm weicher Griff &#8211; Leicht 100% Polyester 130 gr\/m\u00b2 MachineWash40;DoNotTumble;DoNotDryClean;DoNotBleach;IroningLowTemp<\/p>","protected":false},"featured_media":135908,"template":"","meta":[],"product_brand":[],"product_cat":[6468],"product_tag":[],"class_list":{"0":"post-208841","1":"product","2":"type-product","3":"status-publish","4":"has-post-thumbnail","6":"product_cat-net-tennis-academy","8":"first","9":"instock","10":"taxable","11":"shipping-taxable","12":"purchasable","13":"product-type-variable","14":"add-to-wishlist-before_image"},"exclude_global_add_ons":[],"addons":[],"acf":[],"_links":{"self":[{"href":"https:\/\/shop.kustom.ch\/fr\/wp-json\/wp\/v2\/product\/208841"}],"collection":[{"href":"https:\/\/shop.kustom.ch\/fr\/wp-json\/wp\/v2\/product"}],"about":[{"href":"https:\/\/shop.kustom.ch\/fr\/wp-json\/wp\/v2\/types\/product"}],"wp:featuredmedia":[{"embeddable":true,"href":"https:\/\/shop.kustom.ch\/fr\/wp-json\/wp\/v2\/media\/135908"}],"wp:attachment":[{"href":"https:\/\/shop.kustom.ch\/fr\/wp-json\/wp\/v2\/media?parent=208841"}],"wp:term":[{"taxonomy":"product_brand","embeddable":true,"href":"https:\/\/shop.kustom.ch\/fr\/wp-json\/wp\/v2\/product_brand?post=208841"},{"taxonomy":"product_cat","embeddable":true,"href":"https:\/\/shop.kustom.ch\/fr\/wp-json\/wp\/v2\/product_cat?post=208841"},{"taxonomy":"product_tag","embeddable":true,"href":"https:\/\/shop.kustom.ch\/fr\/wp-json\/wp\/v2\/product_tag?post=208841"}],"curies":[{"name":"wp","href":"https:\/\/api.w.org\/{rel}","templated":true}]}}