{"id":208794,"date":"2024-03-27T11:29:44","date_gmt":"2024-03-27T10:29:44","guid":{"rendered":"https:\/\/kustomshop.kinsta.cloud\/?post_type=product&#038;p=208794"},"modified":"2024-03-27T11:30:06","modified_gmt":"2024-03-27T10:30:06","slug":"net-core-essence-relaxed-shorts-m","status":"publish","type":"product","link":"https:\/\/shop.kustom.ch\/fr\/produit\/net-core-essence-relaxed-shorts-m\/","title":{"rendered":"NET Core Essence Short Relaxed M"},"content":{"rendered":"<p>Notre short d'entra\u00eenement long pr\u00e9f\u00e9r\u00e9, en tissu tiss\u00e9, avec deux poches int\u00e9rieures, une petite poche \u00e0 cl\u00e9s en filet cach\u00e9e dans la poche droite et un cordon de serrage \u00e0 la taille.<\/p>\n<p>- Ceinture \u00e9lastique avec cordon de serrage \u00e0 l'int\u00e9rieur<\/p>\n<p>- Poches lat\u00e9rales<\/p>\n<p>- Petite poche int\u00e9rieure en mesh pour les cl\u00e9s<\/p>\n<p>- Couture d'entrejambe 22 cm en taille M<\/p>\n<p>- Logo Craft sur le devant<\/p>\n<p>- Logo \u00e0 six points \u00e0 l'arri\u00e8re<\/p>\n<p>94% Polyester recycl\u00e9 6% \u00c9lasthanne<\/p>","protected":false},"excerpt":{"rendered":"<p>Unsere bevorzugte lange Trainingsshort aus gewebtem Stoff mit zwei Innentaschen, einer kleinen, in der rechten Tasche versteckten Schl\u00fcsseltasche aus Netzgewebe und einem Kordelzug an der Taille. &#8211; Elastischer Bund mit Kordelzug innen &#8211; Seitentaschen &#8211; Kleine Mesh-Schl\u00fcsseltasche innen &#8211; Schrittnaht 22 cm in Gr\u00f6sse M &#8211; Craft-Logo vorne &#8211; Sechs-Punkte-Logo hinten 94% Polyester-recycelt 6% Elasthan<\/p>","protected":false},"featured_media":135900,"template":"","meta":[],"product_brand":[],"product_cat":[6468],"product_tag":[],"class_list":{"0":"post-208794","1":"product","2":"type-product","3":"status-publish","4":"has-post-thumbnail","6":"product_cat-net-tennis-academy","8":"first","9":"instock","10":"taxable","11":"shipping-taxable","12":"purchasable","13":"product-type-variable","14":"add-to-wishlist-before_image"},"exclude_global_add_ons":[],"addons":[],"acf":[],"_links":{"self":[{"href":"https:\/\/shop.kustom.ch\/fr\/wp-json\/wp\/v2\/product\/208794"}],"collection":[{"href":"https:\/\/shop.kustom.ch\/fr\/wp-json\/wp\/v2\/product"}],"about":[{"href":"https:\/\/shop.kustom.ch\/fr\/wp-json\/wp\/v2\/types\/product"}],"wp:featuredmedia":[{"embeddable":true,"href":"https:\/\/shop.kustom.ch\/fr\/wp-json\/wp\/v2\/media\/135900"}],"wp:attachment":[{"href":"https:\/\/shop.kustom.ch\/fr\/wp-json\/wp\/v2\/media?parent=208794"}],"wp:term":[{"taxonomy":"product_brand","embeddable":true,"href":"https:\/\/shop.kustom.ch\/fr\/wp-json\/wp\/v2\/product_brand?post=208794"},{"taxonomy":"product_cat","embeddable":true,"href":"https:\/\/shop.kustom.ch\/fr\/wp-json\/wp\/v2\/product_cat?post=208794"},{"taxonomy":"product_tag","embeddable":true,"href":"https:\/\/shop.kustom.ch\/fr\/wp-json\/wp\/v2\/product_tag?post=208794"}],"curies":[{"name":"wp","href":"https:\/\/api.w.org\/{rel}","templated":true}]}}