{"id":208792,"date":"2024-03-27T11:29:43","date_gmt":"2024-03-27T10:29:43","guid":{"rendered":"https:\/\/kustomshop.kinsta.cloud\/?post_type=product&#038;p=208792"},"modified":"2024-03-27T11:30:06","modified_gmt":"2024-03-27T10:30:06","slug":"net-community-function-ss-tee-jr","status":"publish","type":"product","link":"https:\/\/shop.kustom.ch\/fr\/produit\/net-community-function-ss-tee-jr\/","title":{"rendered":"Tee NET Community Function SS Jr"},"content":{"rendered":"<p>Renforce ton esprit d'\u00e9quipe avec ce t-shirt classique et fonctionnel. Fabriqu\u00e9 dans un mat\u00e9riau doux, l\u00e9ger et \u00e0 s\u00e9chage rapide, il \u00e9vacue efficacement l'humidit\u00e9 et offre un grand confort. Parfait pour le branding avec les logos du club, du sponsor ou de l'entreprise.<\/p>\n<p>Tissu 1 : 100% polyester<\/p>\n<p>MachineWash40;DoNotBleach;DoNotTumble;IroningLowTemp;DoNotDryClean<\/p>","protected":false},"excerpt":{"rendered":"<p>St\u00e4rke deinen Teamgeist mit diesem klassischen und funktionalen T-Shirt. Hergestellt aus weichem, leichten und schnell trocknenden Material, das einen effizienten Feuchtigkeitsabtransport und hohen Komfort bietet. Perfekt f\u00fcr das Branding mit Club-, Sponsor- oder Firmenlogos. Fabric 1: 100% Polyester MachineWash40;DoNotBleach;DoNotTumble;IroningLowTemp;DoNotDryClean<\/p>","protected":false},"featured_media":135837,"template":"","meta":[],"product_brand":[],"product_cat":[6468],"product_tag":[],"class_list":{"0":"post-208792","1":"product","2":"type-product","3":"status-publish","4":"has-post-thumbnail","6":"product_cat-net-tennis-academy","8":"first","9":"instock","10":"taxable","11":"shipping-taxable","12":"purchasable","13":"product-type-variable","14":"add-to-wishlist-before_image"},"exclude_global_add_ons":[],"addons":[],"acf":[],"_links":{"self":[{"href":"https:\/\/shop.kustom.ch\/fr\/wp-json\/wp\/v2\/product\/208792"}],"collection":[{"href":"https:\/\/shop.kustom.ch\/fr\/wp-json\/wp\/v2\/product"}],"about":[{"href":"https:\/\/shop.kustom.ch\/fr\/wp-json\/wp\/v2\/types\/product"}],"wp:featuredmedia":[{"embeddable":true,"href":"https:\/\/shop.kustom.ch\/fr\/wp-json\/wp\/v2\/media\/135837"}],"wp:attachment":[{"href":"https:\/\/shop.kustom.ch\/fr\/wp-json\/wp\/v2\/media?parent=208792"}],"wp:term":[{"taxonomy":"product_brand","embeddable":true,"href":"https:\/\/shop.kustom.ch\/fr\/wp-json\/wp\/v2\/product_brand?post=208792"},{"taxonomy":"product_cat","embeddable":true,"href":"https:\/\/shop.kustom.ch\/fr\/wp-json\/wp\/v2\/product_cat?post=208792"},{"taxonomy":"product_tag","embeddable":true,"href":"https:\/\/shop.kustom.ch\/fr\/wp-json\/wp\/v2\/product_tag?post=208792"}],"curies":[{"name":"wp","href":"https:\/\/api.w.org\/{rel}","templated":true}]}}