{"id":208771,"date":"2024-03-27T11:29:20","date_gmt":"2024-03-27T10:29:20","guid":{"rendered":"https:\/\/kustomshop.kinsta.cloud\/?post_type=product&#038;p=208771"},"modified":"2024-03-27T11:30:05","modified_gmt":"2024-03-27T10:30:05","slug":"net-community-mix-ss-tee-jr-3","status":"publish","type":"product","link":"https:\/\/shop.kustom.ch\/fr\/produit\/net-community-mix-ss-tee-jr-3\/","title":{"rendered":"NET Community Mix SS Tee Jr"},"content":{"rendered":"<p>T-shirt polyvalent en polyester et coton m\u00e9lang\u00e9s, pour un \u00e9quilibre optimal entre confort et \u00e9vacuation de l'humidit\u00e9. Parfait pour le marquage avec le logo du club, du sponsor ou de l'entreprise.<\/p>\n<p>Tissu 1 : 60% Polyester 40% Coton<\/p>\n<p>MachineWash40;DoNotBleach;DoNotTumble;IroningLowTemp;DoNotDryClean<\/p>","protected":false},"excerpt":{"rendered":"<p>Vielseitiges T-Shirt aus weichem Polyester- Baumwollgemisch, f\u00fcr die optimale Balance zwischen Komfort und Feuchtigkeitsabtransport. Perfekt f\u00fcr das Branding mit Club-, Sponsor- oder Firmenlogos. Fabric 1: 60% Polyester 40% Cotton MachineWash40;DoNotBleach;DoNotTumble;IroningLowTemp;DoNotDryClean<\/p>","protected":false},"featured_media":135832,"template":"","meta":[],"product_brand":[],"product_cat":[6468],"product_tag":[],"class_list":{"0":"post-208771","1":"product","2":"type-product","3":"status-publish","4":"has-post-thumbnail","6":"product_cat-net-tennis-academy","8":"first","9":"instock","10":"taxable","11":"shipping-taxable","12":"purchasable","13":"product-type-variable","14":"add-to-wishlist-before_image"},"exclude_global_add_ons":[],"addons":[],"acf":[],"_links":{"self":[{"href":"https:\/\/shop.kustom.ch\/fr\/wp-json\/wp\/v2\/product\/208771"}],"collection":[{"href":"https:\/\/shop.kustom.ch\/fr\/wp-json\/wp\/v2\/product"}],"about":[{"href":"https:\/\/shop.kustom.ch\/fr\/wp-json\/wp\/v2\/types\/product"}],"wp:featuredmedia":[{"embeddable":true,"href":"https:\/\/shop.kustom.ch\/fr\/wp-json\/wp\/v2\/media\/135832"}],"wp:attachment":[{"href":"https:\/\/shop.kustom.ch\/fr\/wp-json\/wp\/v2\/media?parent=208771"}],"wp:term":[{"taxonomy":"product_brand","embeddable":true,"href":"https:\/\/shop.kustom.ch\/fr\/wp-json\/wp\/v2\/product_brand?post=208771"},{"taxonomy":"product_cat","embeddable":true,"href":"https:\/\/shop.kustom.ch\/fr\/wp-json\/wp\/v2\/product_cat?post=208771"},{"taxonomy":"product_tag","embeddable":true,"href":"https:\/\/shop.kustom.ch\/fr\/wp-json\/wp\/v2\/product_tag?post=208771"}],"curies":[{"name":"wp","href":"https:\/\/api.w.org\/{rel}","templated":true}]}}