{"id":208746,"date":"2024-03-27T11:28:53","date_gmt":"2024-03-27T10:28:53","guid":{"rendered":"https:\/\/kustomshop.kinsta.cloud\/?post_type=product&#038;p=208746"},"modified":"2024-03-27T11:29:40","modified_gmt":"2024-03-27T10:29:40","slug":"net-community-hoodie-m-2","status":"publish","type":"product","link":"https:\/\/shop.kustom.ch\/fr\/produit\/net-community-hoodie-m-2\/","title":{"rendered":"NET Communaut\u00e9 Hoodie M"},"content":{"rendered":"<p>Hoodie d\u00e9contract\u00e9 avec une coupe athl\u00e9tique et un look sportif pour<br \/>\nles moments hors du terrain. Le m\u00e9lange agr\u00e9ablement doux de<br \/>\nLe polyester et le coton ainsi que la capuche avec garniture en maille offrent<br \/>\nle plus grand confort de port. Parfait pour le branding avec le logo du club, du sponsor ou de la marque.<br \/>\nles logos des entreprises.<\/p>\n<p>Tissu 1 : 65% Polyester 35% Coton<\/p>\n<p>MachineWash40;DoNotBleach;DoNotTumble;IroningLowTemp;DoNotDryClean<\/p>","protected":false},"excerpt":{"rendered":"<p>L\u00e4ssiger Hoodie mit athletischer Passform und sportlichem Look f\u00fcr die Momente abseits des Platzes. Der angenehm weiche Mix aus Polyester und Baumwolle sowie die Kapuze mit Mesh-Besatz bieten h\u00f6chsten Tragekomfort. Perfekt f\u00fcr das Branding mit Club-, Sponsor- oder Firmenlogos. Fabric 1: 65% Polyester 35% Cotton MachineWash40;DoNotBleach;DoNotTumble;IroningLowTemp;DoNotDryClean<\/p>","protected":false},"featured_media":135904,"template":"","meta":[],"product_brand":[],"product_cat":[6468],"product_tag":[],"class_list":{"0":"post-208746","1":"product","2":"type-product","3":"status-publish","4":"has-post-thumbnail","6":"product_cat-net-tennis-academy","8":"first","9":"instock","10":"taxable","11":"shipping-taxable","12":"purchasable","13":"product-type-variable","14":"add-to-wishlist-before_image"},"exclude_global_add_ons":[],"addons":[],"acf":[],"_links":{"self":[{"href":"https:\/\/shop.kustom.ch\/fr\/wp-json\/wp\/v2\/product\/208746"}],"collection":[{"href":"https:\/\/shop.kustom.ch\/fr\/wp-json\/wp\/v2\/product"}],"about":[{"href":"https:\/\/shop.kustom.ch\/fr\/wp-json\/wp\/v2\/types\/product"}],"wp:featuredmedia":[{"embeddable":true,"href":"https:\/\/shop.kustom.ch\/fr\/wp-json\/wp\/v2\/media\/135904"}],"wp:attachment":[{"href":"https:\/\/shop.kustom.ch\/fr\/wp-json\/wp\/v2\/media?parent=208746"}],"wp:term":[{"taxonomy":"product_brand","embeddable":true,"href":"https:\/\/shop.kustom.ch\/fr\/wp-json\/wp\/v2\/product_brand?post=208746"},{"taxonomy":"product_cat","embeddable":true,"href":"https:\/\/shop.kustom.ch\/fr\/wp-json\/wp\/v2\/product_cat?post=208746"},{"taxonomy":"product_tag","embeddable":true,"href":"https:\/\/shop.kustom.ch\/fr\/wp-json\/wp\/v2\/product_tag?post=208746"}],"curies":[{"name":"wp","href":"https:\/\/api.w.org\/{rel}","templated":true}]}}