{"id":208722,"date":"2024-03-27T11:28:27","date_gmt":"2024-03-27T10:28:27","guid":{"rendered":"https:\/\/kustomshop.kinsta.cloud\/?post_type=product&#038;p=208722"},"modified":"2024-03-27T11:28:50","modified_gmt":"2024-03-27T10:28:50","slug":"net-raw-wash-bag","status":"publish","type":"product","link":"https:\/\/shop.kustom.ch\/fr\/produit\/net-raw-wash-bag\/","title":{"rendered":"NET Raw Wash Bag"},"content":{"rendered":"<p>Sac de lavage imperm\u00e9able avec coutures soud\u00e9es, poche ext\u00e9rieure zipp\u00e9e et design moderne.<\/p>\n<p>100% Polyester<\/p>","protected":false},"excerpt":{"rendered":"<p>Wasserdichter Waschbeutel mit verschweissten N\u00e4hten, Aussentasche mit Reissverschluss und modernem Design. 100% Polyester<\/p>","protected":false},"featured_media":135808,"template":"","meta":[],"product_brand":[],"product_cat":[6468],"product_tag":[],"class_list":{"0":"post-208722","1":"product","2":"type-product","3":"status-publish","4":"has-post-thumbnail","6":"product_cat-net-tennis-academy","8":"first","9":"instock","10":"taxable","11":"shipping-taxable","12":"purchasable","13":"product-type-variable","14":"add-to-wishlist-before_image"},"exclude_global_add_ons":[],"addons":[],"acf":[],"_links":{"self":[{"href":"https:\/\/shop.kustom.ch\/fr\/wp-json\/wp\/v2\/product\/208722"}],"collection":[{"href":"https:\/\/shop.kustom.ch\/fr\/wp-json\/wp\/v2\/product"}],"about":[{"href":"https:\/\/shop.kustom.ch\/fr\/wp-json\/wp\/v2\/types\/product"}],"wp:featuredmedia":[{"embeddable":true,"href":"https:\/\/shop.kustom.ch\/fr\/wp-json\/wp\/v2\/media\/135808"}],"wp:attachment":[{"href":"https:\/\/shop.kustom.ch\/fr\/wp-json\/wp\/v2\/media?parent=208722"}],"wp:term":[{"taxonomy":"product_brand","embeddable":true,"href":"https:\/\/shop.kustom.ch\/fr\/wp-json\/wp\/v2\/product_brand?post=208722"},{"taxonomy":"product_cat","embeddable":true,"href":"https:\/\/shop.kustom.ch\/fr\/wp-json\/wp\/v2\/product_cat?post=208722"},{"taxonomy":"product_tag","embeddable":true,"href":"https:\/\/shop.kustom.ch\/fr\/wp-json\/wp\/v2\/product_tag?post=208722"}],"curies":[{"name":"wp","href":"https:\/\/api.w.org\/{rel}","templated":true}]}}