{"id":208703,"date":"2024-03-27T11:28:05","date_gmt":"2024-03-27T10:28:05","guid":{"rendered":"https:\/\/kustomshop.kinsta.cloud\/?post_type=product&#038;p=208703"},"modified":"2024-03-27T11:28:50","modified_gmt":"2024-03-27T10:28:50","slug":"net-progress-pants-men","status":"publish","type":"product","link":"https:\/\/shop.kustom.ch\/fr\/produit\/net-progress-pants-men\/","title":{"rendered":"NET Progress Pants Men"},"content":{"rendered":"<p>Pantalon d'entra\u00eenement \u00e9lastique en mati\u00e8re fonctionnelle avec une excellente \u00e9vacuation de l'humidit\u00e9 pour une performance maximale. Coupe ajust\u00e9e et fermetures \u00e9clair aux jambes. Poches lat\u00e9rales avec fermeture \u00e9clair. Taille \u00e9lastique avec cordon de serrage.<\/p>\n<p>100 % Polyester<\/p>\n<p>MachineWash40;DoNotBleach;DoNotTumble;IroningLowTemp;DoNotDryClean<\/p>","protected":false},"excerpt":{"rendered":"<p>Elastische Trainingshose aus funktionellem Material mit hervorragenden Feuchtigkeitstransport f\u00fcr maximale Leistung. Enge Passform und Reissverschl\u00fcssen an den Beinabschl\u00fcssen. Seitentaschen mit Reissverschluss. Elastischer Bund mit Kordelzug. 100 % Polyester MachineWash40;DoNotBleach;DoNotTumble;IroningLowTemp;DoNotDryClean<\/p>","protected":false},"featured_media":135842,"template":"","meta":[],"product_brand":[],"product_cat":[6468],"product_tag":[],"class_list":{"0":"post-208703","1":"product","2":"type-product","3":"status-publish","4":"has-post-thumbnail","6":"product_cat-net-tennis-academy","8":"first","9":"instock","10":"taxable","11":"shipping-taxable","12":"purchasable","13":"product-type-variable","14":"add-to-wishlist-before_image"},"exclude_global_add_ons":[],"addons":[],"acf":[],"_links":{"self":[{"href":"https:\/\/shop.kustom.ch\/fr\/wp-json\/wp\/v2\/product\/208703"}],"collection":[{"href":"https:\/\/shop.kustom.ch\/fr\/wp-json\/wp\/v2\/product"}],"about":[{"href":"https:\/\/shop.kustom.ch\/fr\/wp-json\/wp\/v2\/types\/product"}],"wp:featuredmedia":[{"embeddable":true,"href":"https:\/\/shop.kustom.ch\/fr\/wp-json\/wp\/v2\/media\/135842"}],"wp:attachment":[{"href":"https:\/\/shop.kustom.ch\/fr\/wp-json\/wp\/v2\/media?parent=208703"}],"wp:term":[{"taxonomy":"product_brand","embeddable":true,"href":"https:\/\/shop.kustom.ch\/fr\/wp-json\/wp\/v2\/product_brand?post=208703"},{"taxonomy":"product_cat","embeddable":true,"href":"https:\/\/shop.kustom.ch\/fr\/wp-json\/wp\/v2\/product_cat?post=208703"},{"taxonomy":"product_tag","embeddable":true,"href":"https:\/\/shop.kustom.ch\/fr\/wp-json\/wp\/v2\/product_tag?post=208703"}],"curies":[{"name":"wp","href":"https:\/\/api.w.org\/{rel}","templated":true}]}}