{"id":208702,"date":"2024-03-27T11:28:04","date_gmt":"2024-03-27T10:28:04","guid":{"rendered":"https:\/\/kustomshop.kinsta.cloud\/?post_type=product&#038;p=208702"},"modified":"2024-03-27T11:28:49","modified_gmt":"2024-03-27T10:28:49","slug":"net-squad-practice-backpack","status":"publish","type":"product","link":"https:\/\/shop.kustom.ch\/fr\/produit\/net-squad-practice-backpack\/","title":{"rendered":"Sac \u00e0 dos NET Squad Practice"},"content":{"rendered":"<p>Sac \u00e0 dos d\u00e9contract\u00e9 qui peut \u00eatre utilis\u00e9 soit pour l'entra\u00eenement, soit comme sac \u00e0 dos de tous les jours. Les bretelles rembourr\u00e9es permettent au sac \u00e0 dos d'\u00e9pouser le corps en douceur. Tu as le choix entre 5 couleurs sportives et le noir classique. Dimensions : 30x48x17,5 cm. Volume : 18 litres.<\/p>\n<p>polyester et polyur\u00e9thane renforc\u00e9<\/p>","protected":false},"excerpt":{"rendered":"<p>L\u00e4ssiger Rucksack, der entweder zum Training oder als Alltagsrucksack verwendet werden kann. Durch die gepolsterten Schultergurte liegt der Rucksack sanft am K\u00f6rper an. Du hast die Wahl zwischen 5 sportiven Farben und dem klassischen Schwarz. Masse: 30x48x17,5 cm. Volumen: 18 Liter. Polyester und verst\u00e4rktes Polyurethan<\/p>","protected":false},"featured_media":135809,"template":"","meta":[],"product_brand":[],"product_cat":[6468],"product_tag":[],"class_list":{"0":"post-208702","1":"product","2":"type-product","3":"status-publish","4":"has-post-thumbnail","6":"product_cat-net-tennis-academy","8":"first","9":"instock","10":"taxable","11":"shipping-taxable","12":"purchasable","13":"product-type-variable","14":"add-to-wishlist-before_image"},"exclude_global_add_ons":[],"addons":[],"acf":[],"_links":{"self":[{"href":"https:\/\/shop.kustom.ch\/fr\/wp-json\/wp\/v2\/product\/208702"}],"collection":[{"href":"https:\/\/shop.kustom.ch\/fr\/wp-json\/wp\/v2\/product"}],"about":[{"href":"https:\/\/shop.kustom.ch\/fr\/wp-json\/wp\/v2\/types\/product"}],"wp:featuredmedia":[{"embeddable":true,"href":"https:\/\/shop.kustom.ch\/fr\/wp-json\/wp\/v2\/media\/135809"}],"wp:attachment":[{"href":"https:\/\/shop.kustom.ch\/fr\/wp-json\/wp\/v2\/media?parent=208702"}],"wp:term":[{"taxonomy":"product_brand","embeddable":true,"href":"https:\/\/shop.kustom.ch\/fr\/wp-json\/wp\/v2\/product_brand?post=208702"},{"taxonomy":"product_cat","embeddable":true,"href":"https:\/\/shop.kustom.ch\/fr\/wp-json\/wp\/v2\/product_cat?post=208702"},{"taxonomy":"product_tag","embeddable":true,"href":"https:\/\/shop.kustom.ch\/fr\/wp-json\/wp\/v2\/product_tag?post=208702"}],"curies":[{"name":"wp","href":"https:\/\/api.w.org\/{rel}","templated":true}]}}