{"id":208680,"date":"2024-03-27T11:27:37","date_gmt":"2024-03-27T10:27:37","guid":{"rendered":"https:\/\/kustomshop.kinsta.cloud\/?post_type=product&#038;p=208680"},"modified":"2024-03-27T11:28:25","modified_gmt":"2024-03-27T10:28:25","slug":"net-squad-jersey-solid-men-2","status":"publish","type":"product","link":"https:\/\/shop.kustom.ch\/fr\/produit\/net-squad-jersey-solid-men-2\/","title":{"rendered":"NET Squad Jersey Solid Men"},"content":{"rendered":"<p>Que ce soit en salle ou sur le gazon vert : Avec ce maillot de football intemporel de CRAFT, tu peux te faire voir partout. La mati\u00e8re \u00e0 la fois d\u00e9contract\u00e9e et \u00e0 s\u00e9chage rapide procure \u00e0 ton corps une sensation de confort. Ce maillot est aussi polyvalent que le football. Il se distingue par un grand choix de couleurs et garantit une performance maximale.<\/p>\n<p>100 % Polyester<\/p>\n<p>MachineWash40;DoNotBleach;DoNotTumble;IroningLowTemp;DoNotDryClean<\/p>","protected":false},"excerpt":{"rendered":"<p>Ob in der Halle oder auf dem gr\u00fcnen Rasen: Mit dem zeitlosen Fussballtrikot von CRAFT kannst du dich \u00fcberall sehen lassen. Das lockere und zugleich schnelltrocknende Material verleiht deinem K\u00f6rper ein angenehmes Tragegef\u00fchl. Das Trikot ist genauso vielseitig wie der Fussballsport. Es besticht durch eine grosse Auswahl an Farbvariationen und garantiert maximale Performance. 100 % [&hellip;]<\/p>\n","protected":false},"featured_media":135805,"template":"","meta":[],"product_brand":[],"product_cat":[6468],"product_tag":[],"class_list":{"0":"post-208680","1":"product","2":"type-product","3":"status-publish","4":"has-post-thumbnail","6":"product_cat-net-tennis-academy","8":"first","9":"instock","10":"taxable","11":"shipping-taxable","12":"purchasable","13":"product-type-variable","14":"add-to-wishlist-before_image"},"exclude_global_add_ons":[],"addons":[],"acf":[],"_links":{"self":[{"href":"https:\/\/shop.kustom.ch\/fr\/wp-json\/wp\/v2\/product\/208680"}],"collection":[{"href":"https:\/\/shop.kustom.ch\/fr\/wp-json\/wp\/v2\/product"}],"about":[{"href":"https:\/\/shop.kustom.ch\/fr\/wp-json\/wp\/v2\/types\/product"}],"wp:featuredmedia":[{"embeddable":true,"href":"https:\/\/shop.kustom.ch\/fr\/wp-json\/wp\/v2\/media\/135805"}],"wp:attachment":[{"href":"https:\/\/shop.kustom.ch\/fr\/wp-json\/wp\/v2\/media?parent=208680"}],"wp:term":[{"taxonomy":"product_brand","embeddable":true,"href":"https:\/\/shop.kustom.ch\/fr\/wp-json\/wp\/v2\/product_brand?post=208680"},{"taxonomy":"product_cat","embeddable":true,"href":"https:\/\/shop.kustom.ch\/fr\/wp-json\/wp\/v2\/product_cat?post=208680"},{"taxonomy":"product_tag","embeddable":true,"href":"https:\/\/shop.kustom.ch\/fr\/wp-json\/wp\/v2\/product_tag?post=208680"}],"curies":[{"name":"wp","href":"https:\/\/api.w.org\/{rel}","templated":true}]}}