{"id":208651,"date":"2024-03-27T11:27:07","date_gmt":"2024-03-27T10:27:07","guid":{"rendered":"https:\/\/kustomshop.kinsta.cloud\/?post_type=product&#038;p=208651"},"modified":"2024-03-27T11:27:31","modified_gmt":"2024-03-27T10:27:31","slug":"net-prime-tee-w","status":"publish","type":"product","link":"https:\/\/shop.kustom.ch\/fr\/produit\/net-prime-tee-w\/","title":{"rendered":"Tee NET Prime W"},"content":{"rendered":"<p>T-shirt de course l\u00e9ger avec un excellent transfert d'humidit\u00e9. Logos r\u00e9fl\u00e9chissants.<\/p>\n<p>100% Polyester<br \/>\n130 gr\/m\u00b2<br \/>\nMachineWash40;DoNotTumble;DoNotDryClean;DoNotBleach;DoNotIron;WashWSimilarColors;DoNotUseSoftener<\/p>","protected":false},"excerpt":{"rendered":"<p>Leichtes Laufshirt mit tollem Feuchtigkeitstransport. Reflektierende Logos. 100% Polyester 130 gr\/m\u00b2 MachineWash40;DoNotTumble;DoNotDryClean;DoNotBleach;DoNotIron;WashWSimilarColors;DoNotUseSoftener<\/p>","protected":false},"featured_media":135843,"template":"","meta":[],"product_brand":[],"product_cat":[6468],"product_tag":[],"class_list":{"0":"post-208651","1":"product","2":"type-product","3":"status-publish","4":"has-post-thumbnail","6":"product_cat-net-tennis-academy","8":"first","9":"instock","10":"taxable","11":"shipping-taxable","12":"purchasable","13":"product-type-variable","14":"add-to-wishlist-before_image"},"exclude_global_add_ons":[],"addons":[],"acf":[],"_links":{"self":[{"href":"https:\/\/shop.kustom.ch\/fr\/wp-json\/wp\/v2\/product\/208651"}],"collection":[{"href":"https:\/\/shop.kustom.ch\/fr\/wp-json\/wp\/v2\/product"}],"about":[{"href":"https:\/\/shop.kustom.ch\/fr\/wp-json\/wp\/v2\/types\/product"}],"wp:featuredmedia":[{"embeddable":true,"href":"https:\/\/shop.kustom.ch\/fr\/wp-json\/wp\/v2\/media\/135843"}],"wp:attachment":[{"href":"https:\/\/shop.kustom.ch\/fr\/wp-json\/wp\/v2\/media?parent=208651"}],"wp:term":[{"taxonomy":"product_brand","embeddable":true,"href":"https:\/\/shop.kustom.ch\/fr\/wp-json\/wp\/v2\/product_brand?post=208651"},{"taxonomy":"product_cat","embeddable":true,"href":"https:\/\/shop.kustom.ch\/fr\/wp-json\/wp\/v2\/product_cat?post=208651"},{"taxonomy":"product_tag","embeddable":true,"href":"https:\/\/shop.kustom.ch\/fr\/wp-json\/wp\/v2\/product_tag?post=208651"}],"curies":[{"name":"wp","href":"https:\/\/api.w.org\/{rel}","templated":true}]}}