{"id":208259,"date":"2024-03-27T08:49:09","date_gmt":"2024-03-27T07:49:09","guid":{"rendered":"https:\/\/kustomshop.kinsta.cloud\/?post_type=product&#038;p=208259"},"modified":"2024-03-27T08:49:53","modified_gmt":"2024-03-27T07:49:53","slug":"kustom-steppweste-premium-damen","status":"publish","type":"product","link":"https:\/\/shop.kustom.ch\/fr\/produit\/kustom-steppweste-premium-damen\/","title":{"rendered":"Gilet matelass\u00e9 Kustom Premium pour femmes"},"content":{"rendered":"<p>Rembourrage thermo-isolant sur la poitrine et le dos<br \/>\nPoches lat\u00e9rales avec fermeture \u00e9clair<br \/>\nzone lat\u00e9rale avec mat\u00e9riau fonctionnel hautement \u00e9lastique<br \/>\nFinition des emmanchures et de la veste avec un lien \u00e9lastique<\/p>","protected":false},"excerpt":{"rendered":"<p><b>Couleurs : noir, gris pierre, marine<\/b><\/p>","protected":false},"featured_media":481,"template":"","meta":[],"product_brand":[],"product_cat":[4208],"product_tag":[],"class_list":{"0":"post-208259","1":"product","2":"type-product","3":"status-publish","4":"has-post-thumbnail","6":"product_cat-westen","7":"pa_brand-kustom","8":"pa_brand-type-workwear","10":"first","11":"instock","12":"taxable","13":"shipping-taxable","14":"purchasable","15":"product-type-variable","16":"add-to-wishlist-before_image"},"exclude_global_add_ons":[],"addons":[],"acf":[],"_links":{"self":[{"href":"https:\/\/shop.kustom.ch\/fr\/wp-json\/wp\/v2\/product\/208259"}],"collection":[{"href":"https:\/\/shop.kustom.ch\/fr\/wp-json\/wp\/v2\/product"}],"about":[{"href":"https:\/\/shop.kustom.ch\/fr\/wp-json\/wp\/v2\/types\/product"}],"wp:featuredmedia":[{"embeddable":true,"href":"https:\/\/shop.kustom.ch\/fr\/wp-json\/wp\/v2\/media\/481"}],"wp:attachment":[{"href":"https:\/\/shop.kustom.ch\/fr\/wp-json\/wp\/v2\/media?parent=208259"}],"wp:term":[{"taxonomy":"product_brand","embeddable":true,"href":"https:\/\/shop.kustom.ch\/fr\/wp-json\/wp\/v2\/product_brand?post=208259"},{"taxonomy":"product_cat","embeddable":true,"href":"https:\/\/shop.kustom.ch\/fr\/wp-json\/wp\/v2\/product_cat?post=208259"},{"taxonomy":"product_tag","embeddable":true,"href":"https:\/\/shop.kustom.ch\/fr\/wp-json\/wp\/v2\/product_tag?post=208259"}],"curies":[{"name":"wp","href":"https:\/\/api.w.org\/{rel}","templated":true}]}}