{"id":207655,"date":"2024-03-27T07:38:23","date_gmt":"2024-03-27T06:38:23","guid":{"rendered":"https:\/\/kustomshop.kinsta.cloud\/?post_type=product&#038;p=207655"},"modified":"2024-04-24T15:14:33","modified_gmt":"2024-04-24T14:14:33","slug":"volleyball-vls300","status":"publish","type":"product","link":"https:\/\/shop.kustom.ch\/fr\/produit\/volleyball-vls300\/","title":{"rendered":"Volley-ball VLS300"},"content":{"rendered":"<p>Le VLS300 est le ballon de beach-volley officiel de Swiss Volley. Il se distingue par sa surface extr\u00eamement souple et antid\u00e9rapante pour un contr\u00f4le maximal du ballon. Le ballon a un faible effet de \"rebond\" pour des passes pr\u00e9cises. La couche textile \u00e0 deux couches et la r\u00e9sistance \u00e0 l'eau am\u00e9lior\u00e9e font partie des points forts du ballon. Le ballon est livr\u00e9 avec le logo Swiss Volley.<\/p>\n<p>Circonf\u00e9rence 66-68 cm,<\/p>\n<p>Poids 270 g,<\/p>\n<p>Mat\u00e9riau de la coque super-composite<\/p>","protected":false},"excerpt":{"rendered":"<p>Der VLS300 ist der offizielle Beachvolleyball von Swiss Volley. Er besticht durch seine extrem weiche und rutschfeste Oberfl\u00e4che f\u00fcr maximale Ballkontrolle. Der Ball hat einen geringen &#8222;Rebound&#8220;-Effekt f\u00fcr pr\u00e4zise P\u00e4sse. Die zweilagige Textilschicht und die verbesserte Wasserbest\u00e4ndigkeit geh\u00f6ren zu den st\u00e4rksten Punkten des Balles. Der Ball wird mit dem Swiss Volley-Logo geliefert. Umfang 66-68 cm, [&hellip;]<\/p>\n","protected":false},"featured_media":207659,"template":"","meta":[],"product_brand":[],"product_cat":[9643,4175],"product_tag":[],"class_list":{"0":"post-207655","1":"product","2":"type-product","3":"status-publish","4":"has-post-thumbnail","6":"product_cat-equipment","7":"product_cat-baelle","8":"pa_brand-mikasa","9":"pa_brand-type-sportswear","11":"first","12":"instock","13":"sale","14":"taxable","15":"shipping-taxable","16":"purchasable","17":"product-type-variable","18":"add-to-wishlist-before_image"},"exclude_global_add_ons":[],"addons":[],"acf":[],"_links":{"self":[{"href":"https:\/\/shop.kustom.ch\/fr\/wp-json\/wp\/v2\/product\/207655"}],"collection":[{"href":"https:\/\/shop.kustom.ch\/fr\/wp-json\/wp\/v2\/product"}],"about":[{"href":"https:\/\/shop.kustom.ch\/fr\/wp-json\/wp\/v2\/types\/product"}],"wp:featuredmedia":[{"embeddable":true,"href":"https:\/\/shop.kustom.ch\/fr\/wp-json\/wp\/v2\/media\/207659"}],"wp:attachment":[{"href":"https:\/\/shop.kustom.ch\/fr\/wp-json\/wp\/v2\/media?parent=207655"}],"wp:term":[{"taxonomy":"product_brand","embeddable":true,"href":"https:\/\/shop.kustom.ch\/fr\/wp-json\/wp\/v2\/product_brand?post=207655"},{"taxonomy":"product_cat","embeddable":true,"href":"https:\/\/shop.kustom.ch\/fr\/wp-json\/wp\/v2\/product_cat?post=207655"},{"taxonomy":"product_tag","embeddable":true,"href":"https:\/\/shop.kustom.ch\/fr\/wp-json\/wp\/v2\/product_tag?post=207655"}],"curies":[{"name":"wp","href":"https:\/\/api.w.org\/{rel}","templated":true}]}}