{"id":161263,"date":"2024-03-23T10:35:34","date_gmt":"2024-03-23T09:35:34","guid":{"rendered":"https:\/\/kustomshop.kinsta.cloud\/produkt\/softshelljacke-function\/"},"modified":"2026-03-31T12:56:12","modified_gmt":"2026-03-31T11:56:12","slug":"softshelljacke-function","status":"publish","type":"product","link":"https:\/\/shop.kustom.ch\/fr\/produit\/softshelljacke-function\/","title":{"rendered":"Veste softshell Function"},"content":{"rendered":"<p>Protection respirante \u00e0 chaque mouvement.<br \/>\nERIMA-TEX<sup>\u00ae Membrane : colonne d'eau de 5.000 mm, respirabilit\u00e9 de 3.000 g\/m\u00b2\/24h, coupe-vent<br \/>\nCapuche amovible<br \/>\nPoches lat\u00e9rales avec fermeture \u00e0 glissi\u00e8re<br \/>\nfermeture \u00e9clair \u00e9tanche sous rabat avec protection du menton pour un confort optimal<br \/>\nPoche de poitrine r\u00e9fl\u00e9chissante avec fermeture \u00e9clair<br \/>\nouvertures d'a\u00e9ration zipp\u00e9es et mesh sous les bras<br \/>\nMat\u00e9riau : polyester 100%<\/p>","protected":false},"excerpt":{"rendered":"<p><span><\/span><\/p>","protected":false},"featured_media":161261,"template":"","meta":[],"product_brand":[],"product_cat":[4186],"product_tag":[],"class_list":{"0":"post-161263","1":"product","2":"type-product","3":"status-publish","4":"has-post-thumbnail","6":"product_cat-jacken","7":"pa_brand-erima","8":"pa_brand-type-sportswear","9":"pa_filter-color-blau","10":"pa_filter-color-grau","11":"pa_filter-color-gruen","12":"pa_filter-color-rot","13":"pa_filter-color-schwarz","14":"pa_filter-color-weiss","16":"first","17":"instock","18":"sale","19":"taxable","20":"shipping-taxable","21":"purchasable","22":"product-type-variable","23":"add-to-wishlist-before_image"},"exclude_global_add_ons":[],"addons":[],"acf":[],"_links":{"self":[{"href":"https:\/\/shop.kustom.ch\/fr\/wp-json\/wp\/v2\/product\/161263"}],"collection":[{"href":"https:\/\/shop.kustom.ch\/fr\/wp-json\/wp\/v2\/product"}],"about":[{"href":"https:\/\/shop.kustom.ch\/fr\/wp-json\/wp\/v2\/types\/product"}],"wp:featuredmedia":[{"embeddable":true,"href":"https:\/\/shop.kustom.ch\/fr\/wp-json\/wp\/v2\/media\/161261"}],"wp:attachment":[{"href":"https:\/\/shop.kustom.ch\/fr\/wp-json\/wp\/v2\/media?parent=161263"}],"wp:term":[{"taxonomy":"product_brand","embeddable":true,"href":"https:\/\/shop.kustom.ch\/fr\/wp-json\/wp\/v2\/product_brand?post=161263"},{"taxonomy":"product_cat","embeddable":true,"href":"https:\/\/shop.kustom.ch\/fr\/wp-json\/wp\/v2\/product_cat?post=161263"},{"taxonomy":"product_tag","embeddable":true,"href":"https:\/\/shop.kustom.ch\/fr\/wp-json\/wp\/v2\/product_tag?post=161263"}],"curies":[{"name":"wp","href":"https:\/\/api.w.org\/{rel}","templated":true}]}}