{"id":161141,"date":"2024-03-23T10:33:47","date_gmt":"2024-03-23T09:33:47","guid":{"rendered":"https:\/\/kustomshop.kinsta.cloud\/produkt\/racing-longsleeve\/"},"modified":"2026-03-31T12:56:00","modified_gmt":"2026-03-31T11:56:00","slug":"racing-longsleeve","status":"publish","type":"product","link":"https:\/\/shop.kustom.ch\/fr\/produit\/racing-longsleeve\/","title":{"rendered":"RACING T-shirt long"},"content":{"rendered":"<p>Convaincant avec sa mati\u00e8re fonctionnelle l\u00e9g\u00e8re et ses extras pratiques - parfait pour ta s\u00e9ance de course les jours plus frais.<br \/>\nMat\u00e9riau fonctionnel tr\u00e8s l\u00e9ger et \u00e0 s\u00e9chage rapide<br \/>\nInserts en mesh sous les bras et au niveau du cou<br \/>\nCoutures plates pour un confort optimal<br \/>\ntrou pour le pouce \u00e0 l'ourlet des manches<br \/>\nouvertures sur les deux manches pour la montre<br \/>\n\u00c9l\u00e9ment r\u00e9fl\u00e9chissant \u00e0 l'arri\u00e8re de l'ourlet<br \/>\nCol montant avec fermeture \u00e9clair courte avec protection du menton<br \/>\nMati\u00e8re : 100% polyester recycl\u00e9<\/p>","protected":false},"excerpt":{"rendered":"<p><span><\/span><\/p>","protected":false},"featured_media":161139,"template":"","meta":[],"product_brand":[],"product_cat":[4184],"product_tag":[],"class_list":{"0":"post-161141","1":"product","2":"type-product","3":"status-publish","4":"has-post-thumbnail","6":"product_cat-hoodies-pullover","7":"pa_brand-erima","8":"pa_brand-type-sportswear","9":"pa_filter-color-blau","10":"pa_filter-color-grau","11":"pa_filter-color-gruen","12":"pa_filter-color-rot","13":"pa_filter-color-schwarz","14":"pa_filter-color-weiss","16":"first","17":"instock","18":"sale","19":"taxable","20":"shipping-taxable","21":"purchasable","22":"product-type-variable","23":"add-to-wishlist-before_image"},"exclude_global_add_ons":[],"addons":[],"acf":[],"_links":{"self":[{"href":"https:\/\/shop.kustom.ch\/fr\/wp-json\/wp\/v2\/product\/161141"}],"collection":[{"href":"https:\/\/shop.kustom.ch\/fr\/wp-json\/wp\/v2\/product"}],"about":[{"href":"https:\/\/shop.kustom.ch\/fr\/wp-json\/wp\/v2\/types\/product"}],"wp:featuredmedia":[{"embeddable":true,"href":"https:\/\/shop.kustom.ch\/fr\/wp-json\/wp\/v2\/media\/161139"}],"wp:attachment":[{"href":"https:\/\/shop.kustom.ch\/fr\/wp-json\/wp\/v2\/media?parent=161141"}],"wp:term":[{"taxonomy":"product_brand","embeddable":true,"href":"https:\/\/shop.kustom.ch\/fr\/wp-json\/wp\/v2\/product_brand?post=161141"},{"taxonomy":"product_cat","embeddable":true,"href":"https:\/\/shop.kustom.ch\/fr\/wp-json\/wp\/v2\/product_cat?post=161141"},{"taxonomy":"product_tag","embeddable":true,"href":"https:\/\/shop.kustom.ch\/fr\/wp-json\/wp\/v2\/product_tag?post=161141"}],"curies":[{"name":"wp","href":"https:\/\/api.w.org\/{rel}","templated":true}]}}