{"id":161099,"date":"2024-03-23T10:33:08","date_gmt":"2024-03-23T09:33:08","guid":{"rendered":"https:\/\/kustomshop.kinsta.cloud\/produkt\/racing-sprinteranzug\/"},"modified":"2026-03-31T12:55:50","modified_gmt":"2026-03-31T11:55:50","slug":"racing-sprinteranzug","status":"publish","type":"product","link":"https:\/\/shop.kustom.ch\/fr\/produit\/racing-sprinteranzug\/","title":{"rendered":"Combinaison de sprinter RACING"},"content":{"rendered":"<p>Avec cette combinaison de sprinter fonctionnelle et moulante, rien ne t'emp\u00eache de r\u00e9aliser ton nouveau record.<br \/>\nMati\u00e8re stretch l\u00e9g\u00e8re et r\u00e9gulant l'humidit\u00e9<br \/>\nLes larges emmanchures garantissent une totale libert\u00e9 de mouvement<br \/>\nCoutures plates pour un confort sans frottement<br \/>\nBas de jambe \u00e9lastique pour un ajustement parfait<br \/>\nMati\u00e8re : 92% polyester, 8% \u00e9lasthanne<\/p>","protected":false},"excerpt":{"rendered":"<p><span><\/span><\/p>","protected":false},"featured_media":161097,"template":"","meta":[],"product_brand":[],"product_cat":[4204],"product_tag":[],"class_list":{"0":"post-161099","1":"product","2":"type-product","3":"status-publish","4":"has-post-thumbnail","6":"product_cat-trainingsanzuege","7":"pa_brand-erima","8":"pa_brand-type-sportswear","9":"pa_filter-color-blau","10":"pa_filter-color-gruen","11":"pa_filter-color-rot","12":"pa_filter-color-schwarz","13":"pa_filter-color-weiss","15":"first","16":"instock","17":"sale","18":"taxable","19":"shipping-taxable","20":"purchasable","21":"product-type-variable","22":"add-to-wishlist-before_image"},"exclude_global_add_ons":[],"addons":[],"acf":[],"_links":{"self":[{"href":"https:\/\/shop.kustom.ch\/fr\/wp-json\/wp\/v2\/product\/161099"}],"collection":[{"href":"https:\/\/shop.kustom.ch\/fr\/wp-json\/wp\/v2\/product"}],"about":[{"href":"https:\/\/shop.kustom.ch\/fr\/wp-json\/wp\/v2\/types\/product"}],"wp:featuredmedia":[{"embeddable":true,"href":"https:\/\/shop.kustom.ch\/fr\/wp-json\/wp\/v2\/media\/161097"}],"wp:attachment":[{"href":"https:\/\/shop.kustom.ch\/fr\/wp-json\/wp\/v2\/media?parent=161099"}],"wp:term":[{"taxonomy":"product_brand","embeddable":true,"href":"https:\/\/shop.kustom.ch\/fr\/wp-json\/wp\/v2\/product_brand?post=161099"},{"taxonomy":"product_cat","embeddable":true,"href":"https:\/\/shop.kustom.ch\/fr\/wp-json\/wp\/v2\/product_cat?post=161099"},{"taxonomy":"product_tag","embeddable":true,"href":"https:\/\/shop.kustom.ch\/fr\/wp-json\/wp\/v2\/product_tag?post=161099"}],"curies":[{"name":"wp","href":"https:\/\/api.w.org\/{rel}","templated":true}]}}