{"id":161077,"date":"2024-03-23T10:32:44","date_gmt":"2024-03-23T09:32:44","guid":{"rendered":"https:\/\/kustomshop.kinsta.cloud\/produkt\/racing-lauftight-lang\/"},"modified":"2026-03-31T12:55:49","modified_gmt":"2026-03-31T11:55:49","slug":"racing-lauftight-lang","status":"publish","type":"product","link":"https:\/\/shop.kustom.ch\/fr\/produit\/racing-lauftight-lang\/","title":{"rendered":"RACING Collant de course long"},"content":{"rendered":"<p>Le collant long te soutient de mani\u00e8re optimale gr\u00e2ce \u00e0 sa mati\u00e8re fonctionnelle et ses extras pratiques.<br \/>\nMat\u00e9riau fonctionnel r\u00e9gulant l'humidit\u00e9<br \/>\nCoutures plates pour un confort optimal<br \/>\nLarge ceinture avec un \u00e9lastique \u00e9troit int\u00e9gr\u00e9 pour un maintien optimal<br \/>\nInsert en mesh dans le creux des genoux<br \/>\nfermeture \u00e9clair au bas de la jambe<br \/>\nDouble poche \u00e0 l'arri\u00e8re de la ceinture<br \/>\nPoches plaqu\u00e9es sur les c\u00f4t\u00e9s<br \/>\n\u00c9l\u00e9ments r\u00e9fl\u00e9chissants sous le genou, sur la cuisse et sur la fermeture \u00e9clair<br \/>\nMati\u00e8re : 80% polyester, 20% \u00e9lasthanne<\/p>","protected":false},"excerpt":{"rendered":"<p><span><\/span><\/p>","protected":false},"featured_media":161075,"template":"","meta":[],"product_brand":[],"product_cat":[4185],"product_tag":[],"class_list":{"0":"post-161077","1":"product","2":"type-product","3":"status-publish","4":"has-post-thumbnail","6":"product_cat-hosen","7":"pa_brand-erima","8":"pa_brand-type-sportswear","9":"pa_filter-color-schwarz","11":"first","12":"instock","13":"sale","14":"taxable","15":"shipping-taxable","16":"purchasable","17":"product-type-variable","18":"add-to-wishlist-before_image"},"exclude_global_add_ons":[],"addons":[],"acf":[],"_links":{"self":[{"href":"https:\/\/shop.kustom.ch\/fr\/wp-json\/wp\/v2\/product\/161077"}],"collection":[{"href":"https:\/\/shop.kustom.ch\/fr\/wp-json\/wp\/v2\/product"}],"about":[{"href":"https:\/\/shop.kustom.ch\/fr\/wp-json\/wp\/v2\/types\/product"}],"wp:featuredmedia":[{"embeddable":true,"href":"https:\/\/shop.kustom.ch\/fr\/wp-json\/wp\/v2\/media\/161075"}],"wp:attachment":[{"href":"https:\/\/shop.kustom.ch\/fr\/wp-json\/wp\/v2\/media?parent=161077"}],"wp:term":[{"taxonomy":"product_brand","embeddable":true,"href":"https:\/\/shop.kustom.ch\/fr\/wp-json\/wp\/v2\/product_brand?post=161077"},{"taxonomy":"product_cat","embeddable":true,"href":"https:\/\/shop.kustom.ch\/fr\/wp-json\/wp\/v2\/product_cat?post=161077"},{"taxonomy":"product_tag","embeddable":true,"href":"https:\/\/shop.kustom.ch\/fr\/wp-json\/wp\/v2\/product_tag?post=161077"}],"curies":[{"name":"wp","href":"https:\/\/api.w.org\/{rel}","templated":true}]}}