{"id":161055,"date":"2024-03-23T10:32:21","date_gmt":"2024-03-23T09:32:21","guid":{"rendered":"https:\/\/kustomshop.kinsta.cloud\/produkt\/racing-lauftight-kurz\/"},"modified":"2026-03-31T12:55:44","modified_gmt":"2026-03-31T11:55:44","slug":"racing-lauftight-kurz","status":"publish","type":"product","link":"https:\/\/shop.kustom.ch\/fr\/produit\/racing-lauftight-kurz\/","title":{"rendered":"RACING Collant de course court"},"content":{"rendered":"<p>Le compagnon id\u00e9al de ta s\u00e9ance de course par temps chaud. Le collant court convainc par ses extras pratiques et son grand confort.<br \/>\nMat\u00e9riau fonctionnel r\u00e9gulant l'humidit\u00e9<br \/>\nCoutures plates pour un confort optimal<br \/>\nLarge ceinture avec un \u00e9lastique \u00e9troit int\u00e9gr\u00e9 pour un maintien optimal<br \/>\nDouble poche \u00e0 l'arri\u00e8re de la ceinture<br \/>\nPoches plaqu\u00e9es sur les c\u00f4t\u00e9s<br \/>\n\u00c9l\u00e9ments r\u00e9fl\u00e9chissants sur la cuisse<br \/>\nMati\u00e8re : 80% polyester, 20% \u00e9lasthanne<\/p>","protected":false},"excerpt":{"rendered":"<p><span><\/span><\/p>","protected":false},"featured_media":161053,"template":"","meta":[],"product_brand":[],"product_cat":[4198],"product_tag":[],"class_list":{"0":"post-161055","1":"product","2":"type-product","3":"status-publish","4":"has-post-thumbnail","6":"product_cat-shorts","7":"pa_brand-erima","8":"pa_brand-type-sportswear","9":"pa_filter-color-schwarz","11":"first","12":"instock","13":"sale","14":"taxable","15":"shipping-taxable","16":"purchasable","17":"product-type-variable","18":"add-to-wishlist-before_image"},"exclude_global_add_ons":[],"addons":[],"acf":[],"_links":{"self":[{"href":"https:\/\/shop.kustom.ch\/fr\/wp-json\/wp\/v2\/product\/161055"}],"collection":[{"href":"https:\/\/shop.kustom.ch\/fr\/wp-json\/wp\/v2\/product"}],"about":[{"href":"https:\/\/shop.kustom.ch\/fr\/wp-json\/wp\/v2\/types\/product"}],"wp:featuredmedia":[{"embeddable":true,"href":"https:\/\/shop.kustom.ch\/fr\/wp-json\/wp\/v2\/media\/161053"}],"wp:attachment":[{"href":"https:\/\/shop.kustom.ch\/fr\/wp-json\/wp\/v2\/media?parent=161055"}],"wp:term":[{"taxonomy":"product_brand","embeddable":true,"href":"https:\/\/shop.kustom.ch\/fr\/wp-json\/wp\/v2\/product_brand?post=161055"},{"taxonomy":"product_cat","embeddable":true,"href":"https:\/\/shop.kustom.ch\/fr\/wp-json\/wp\/v2\/product_cat?post=161055"},{"taxonomy":"product_tag","embeddable":true,"href":"https:\/\/shop.kustom.ch\/fr\/wp-json\/wp\/v2\/product_tag?post=161055"}],"curies":[{"name":"wp","href":"https:\/\/api.w.org\/{rel}","templated":true}]}}