{"id":160796,"date":"2024-03-23T10:28:11","date_gmt":"2024-03-23T09:28:11","guid":{"rendered":"https:\/\/kustomshop.kinsta.cloud\/produkt\/racing-bra\/"},"modified":"2026-03-31T12:55:23","modified_gmt":"2026-03-31T11:55:23","slug":"racing-bra","status":"publish","type":"product","link":"https:\/\/shop.kustom.ch\/fr\/produit\/racing-bra\/","title":{"rendered":"RACING Bra"},"content":{"rendered":"<p>Ce top fonctionnel te soutient au mieux pendant l'entra\u00eenement et la comp\u00e9tition.<br \/>\nMati\u00e8re r\u00e9gulant l'humidit\u00e9 et agr\u00e9ablement douce<br \/>\nLe haut degr\u00e9 d'\u00e9lasticit\u00e9 offre une totale libert\u00e9 de mouvement<br \/>\nBande \u00e9lastique sous la poitrine pour une tenue parfaite<br \/>\nCoupe ergonomique avec dos nageur<br \/>\nMati\u00e8re : 84% polyester, 16% \u00e9lasthanne<\/p>","protected":false},"excerpt":{"rendered":"<p><span><\/span><\/p>","protected":false},"featured_media":160794,"template":"","meta":[],"product_brand":[],"product_cat":[4202],"product_tag":[],"class_list":{"0":"post-160796","1":"product","2":"type-product","3":"status-publish","4":"has-post-thumbnail","6":"product_cat-tank-tops","7":"pa_brand-erima","8":"pa_brand-type-sportswear","9":"pa_filter-color-blau","10":"pa_filter-color-grau","11":"pa_filter-color-gruen","12":"pa_filter-color-rot","13":"pa_filter-color-schwarz","14":"pa_filter-color-weiss","16":"first","17":"instock","18":"sale","19":"taxable","20":"shipping-taxable","21":"purchasable","22":"product-type-variable","23":"add-to-wishlist-before_image"},"exclude_global_add_ons":[],"addons":[],"acf":[],"_links":{"self":[{"href":"https:\/\/shop.kustom.ch\/fr\/wp-json\/wp\/v2\/product\/160796"}],"collection":[{"href":"https:\/\/shop.kustom.ch\/fr\/wp-json\/wp\/v2\/product"}],"about":[{"href":"https:\/\/shop.kustom.ch\/fr\/wp-json\/wp\/v2\/types\/product"}],"wp:featuredmedia":[{"embeddable":true,"href":"https:\/\/shop.kustom.ch\/fr\/wp-json\/wp\/v2\/media\/160794"}],"wp:attachment":[{"href":"https:\/\/shop.kustom.ch\/fr\/wp-json\/wp\/v2\/media?parent=160796"}],"wp:term":[{"taxonomy":"product_brand","embeddable":true,"href":"https:\/\/shop.kustom.ch\/fr\/wp-json\/wp\/v2\/product_brand?post=160796"},{"taxonomy":"product_cat","embeddable":true,"href":"https:\/\/shop.kustom.ch\/fr\/wp-json\/wp\/v2\/product_cat?post=160796"},{"taxonomy":"product_tag","embeddable":true,"href":"https:\/\/shop.kustom.ch\/fr\/wp-json\/wp\/v2\/product_tag?post=160796"}],"curies":[{"name":"wp","href":"https:\/\/api.w.org\/{rel}","templated":true}]}}