{"id":160616,"date":"2024-03-23T10:25:21","date_gmt":"2024-03-23T09:25:21","guid":{"rendered":"https:\/\/kustomshop.kinsta.cloud\/produkt\/performance-allroundhose\/"},"modified":"2026-03-31T12:54:58","modified_gmt":"2026-03-31T11:54:58","slug":"performance-allroundhose","status":"publish","type":"product","link":"https:\/\/shop.kustom.ch\/fr\/produit\/performance-allroundhose\/","title":{"rendered":"Pantalon Performance Allround"},"content":{"rendered":"<p>Un pantalon de course innovant ! Le pantalon de sport multifonctionnel combine les avantages d'un pantalon de sport classique dans la partie sup\u00e9rieure et d'un pantalon de course moulant dans la partie inf\u00e9rieure.<br \/>\nMat\u00e9riau tr\u00e8s \u00e9lastique et \u00e0 s\u00e9chage rapide<br \/>\nSuper l\u00e9ger et fin pour un port confortable<br \/>\nCoupe \u00e9troite pour un excellent ajustement<br \/>\nceinture avec cordon de serrage pour un ajustement optimal<br \/>\nPoches lat\u00e9rales zipp\u00e9es<br \/>\nMati\u00e8re : 92% polyester recycl\u00e9, 8% \u00e9lasthanne<\/p>","protected":false},"excerpt":{"rendered":"<p><span><\/span><\/p>","protected":false},"featured_media":160614,"template":"","meta":[],"product_brand":[],"product_cat":[4185],"product_tag":[],"class_list":{"0":"post-160616","1":"product","2":"type-product","3":"status-publish","4":"has-post-thumbnail","6":"product_cat-hosen","7":"pa_brand-erima","8":"pa_brand-type-sportswear","9":"pa_filter-color-grau","10":"pa_filter-color-schwarz","12":"first","13":"instock","14":"sale","15":"taxable","16":"shipping-taxable","17":"purchasable","18":"product-type-variable","19":"add-to-wishlist-before_image"},"exclude_global_add_ons":[],"addons":[],"acf":[],"_links":{"self":[{"href":"https:\/\/shop.kustom.ch\/fr\/wp-json\/wp\/v2\/product\/160616"}],"collection":[{"href":"https:\/\/shop.kustom.ch\/fr\/wp-json\/wp\/v2\/product"}],"about":[{"href":"https:\/\/shop.kustom.ch\/fr\/wp-json\/wp\/v2\/types\/product"}],"wp:featuredmedia":[{"embeddable":true,"href":"https:\/\/shop.kustom.ch\/fr\/wp-json\/wp\/v2\/media\/160614"}],"wp:attachment":[{"href":"https:\/\/shop.kustom.ch\/fr\/wp-json\/wp\/v2\/media?parent=160616"}],"wp:term":[{"taxonomy":"product_brand","embeddable":true,"href":"https:\/\/shop.kustom.ch\/fr\/wp-json\/wp\/v2\/product_brand?post=160616"},{"taxonomy":"product_cat","embeddable":true,"href":"https:\/\/shop.kustom.ch\/fr\/wp-json\/wp\/v2\/product_cat?post=160616"},{"taxonomy":"product_tag","embeddable":true,"href":"https:\/\/shop.kustom.ch\/fr\/wp-json\/wp\/v2\/product_tag?post=160616"}],"curies":[{"name":"wp","href":"https:\/\/api.w.org\/{rel}","templated":true}]}}