{"id":160592,"date":"2024-03-23T10:24:56","date_gmt":"2024-03-23T09:24:56","guid":{"rendered":"https:\/\/kustomshop.kinsta.cloud\/produkt\/hose-mit-durchgehendem-rv-2\/"},"modified":"2026-04-22T10:39:39","modified_gmt":"2026-04-22T09:39:39","slug":"hose-mit-durchgehendem-rv-2","status":"publish","type":"product","link":"https:\/\/shop.kustom.ch\/fr\/produit\/hose-mit-durchgehendem-rv-2\/","title":{"rendered":"Pantalon avec fermeture \u00e9clair sur toute la longueur"},"content":{"rendered":"<p>Un confort de port exceptionnel rencontre une fonctionnalit\u00e9 maximale.<br \/>\nBas de jambe ouvert<br \/>\nCoupe sp\u00e9ciale femme<br \/>\nMat\u00e9riau stretch \u00e0 s\u00e9chage rapide<br \/>\nPoches lat\u00e9rales avec fermeture \u00e0 glissi\u00e8re<br \/>\nfermeture \u00e0 glissi\u00e8re lat\u00e9rale jusqu'\u00e0 la taille<br \/>\nMati\u00e8re : nylon 93%, \u00e9lasthanne 7%<\/p>","protected":false},"excerpt":{"rendered":"<p><span><\/span><\/p>","protected":false},"featured_media":160594,"template":"","meta":[],"product_brand":[],"product_cat":[4185],"product_tag":[],"class_list":{"0":"post-160592","1":"product","2":"type-product","3":"status-publish","4":"has-post-thumbnail","6":"product_cat-hosen","7":"pa_brand-erima","8":"pa_brand-type-sportswear","9":"pa_filter-color-schwarz","11":"first","12":"instock","13":"sale","14":"taxable","15":"shipping-taxable","16":"purchasable","17":"product-type-variable","18":"add-to-wishlist-before_image"},"exclude_global_add_ons":[],"addons":[],"acf":[],"_links":{"self":[{"href":"https:\/\/shop.kustom.ch\/fr\/wp-json\/wp\/v2\/product\/160592"}],"collection":[{"href":"https:\/\/shop.kustom.ch\/fr\/wp-json\/wp\/v2\/product"}],"about":[{"href":"https:\/\/shop.kustom.ch\/fr\/wp-json\/wp\/v2\/types\/product"}],"wp:featuredmedia":[{"embeddable":true,"href":"https:\/\/shop.kustom.ch\/fr\/wp-json\/wp\/v2\/media\/160594"}],"wp:attachment":[{"href":"https:\/\/shop.kustom.ch\/fr\/wp-json\/wp\/v2\/media?parent=160592"}],"wp:term":[{"taxonomy":"product_brand","embeddable":true,"href":"https:\/\/shop.kustom.ch\/fr\/wp-json\/wp\/v2\/product_brand?post=160592"},{"taxonomy":"product_cat","embeddable":true,"href":"https:\/\/shop.kustom.ch\/fr\/wp-json\/wp\/v2\/product_cat?post=160592"},{"taxonomy":"product_tag","embeddable":true,"href":"https:\/\/shop.kustom.ch\/fr\/wp-json\/wp\/v2\/product_tag?post=160592"}],"curies":[{"name":"wp","href":"https:\/\/api.w.org\/{rel}","templated":true}]}}