{"id":160413,"date":"2024-03-23T10:22:10","date_gmt":"2024-03-23T09:22:10","guid":{"rendered":"https:\/\/kustomshop.kinsta.cloud\/produkt\/racing-t-shirt\/"},"modified":"2026-03-31T12:54:14","modified_gmt":"2026-03-31T11:54:14","slug":"racing-t-shirt","status":"publish","type":"product","link":"https:\/\/shop.kustom.ch\/fr\/produit\/racing-t-shirt\/","title":{"rendered":"T-shirt RACING"},"content":{"rendered":"<p>Fonctionnalit\u00e9 totale pour l'entra\u00eenement par temps chaud. Ce t-shirt t'offre un grand confort gr\u00e2ce \u00e0 sa mati\u00e8re fonctionnelle qui s\u00e8che rapidement.<br \/>\nMat\u00e9riau fonctionnel tr\u00e8s l\u00e9ger et \u00e0 s\u00e9chage rapide<br \/>\nInserts lat\u00e9raux en mesh pour une temp\u00e9rature corporelle optimale<br \/>\nCoutures plates pour un confort optimal<br \/>\n\u00c9l\u00e9ment r\u00e9fl\u00e9chissant \u00e0 l'arri\u00e8re de l'ourlet<br \/>\nMati\u00e8re : 100% polyester recycl\u00e9<\/p>","protected":false},"excerpt":{"rendered":"<p><span><\/span><\/p>","protected":false},"featured_media":160411,"template":"","meta":[],"product_brand":[],"product_cat":[4201],"product_tag":[],"class_list":{"0":"post-160413","1":"product","2":"type-product","3":"status-publish","4":"has-post-thumbnail","6":"product_cat-t-shirts","7":"pa_brand-erima","8":"pa_brand-type-sportswear","9":"pa_filter-color-blau","10":"pa_filter-color-grau","11":"pa_filter-color-gruen","12":"pa_filter-color-rot","13":"pa_filter-color-schwarz","14":"pa_filter-color-weiss","16":"first","17":"instock","18":"sale","19":"taxable","20":"shipping-taxable","21":"purchasable","22":"product-type-variable","23":"add-to-wishlist-before_image"},"exclude_global_add_ons":[],"addons":[],"acf":[],"_links":{"self":[{"href":"https:\/\/shop.kustom.ch\/fr\/wp-json\/wp\/v2\/product\/160413"}],"collection":[{"href":"https:\/\/shop.kustom.ch\/fr\/wp-json\/wp\/v2\/product"}],"about":[{"href":"https:\/\/shop.kustom.ch\/fr\/wp-json\/wp\/v2\/types\/product"}],"wp:featuredmedia":[{"embeddable":true,"href":"https:\/\/shop.kustom.ch\/fr\/wp-json\/wp\/v2\/media\/160411"}],"wp:attachment":[{"href":"https:\/\/shop.kustom.ch\/fr\/wp-json\/wp\/v2\/media?parent=160413"}],"wp:term":[{"taxonomy":"product_brand","embeddable":true,"href":"https:\/\/shop.kustom.ch\/fr\/wp-json\/wp\/v2\/product_brand?post=160413"},{"taxonomy":"product_cat","embeddable":true,"href":"https:\/\/shop.kustom.ch\/fr\/wp-json\/wp\/v2\/product_cat?post=160413"},{"taxonomy":"product_tag","embeddable":true,"href":"https:\/\/shop.kustom.ch\/fr\/wp-json\/wp\/v2\/product_tag?post=160413"}],"curies":[{"name":"wp","href":"https:\/\/api.w.org\/{rel}","templated":true}]}}