{"id":160032,"date":"2024-03-23T10:16:10","date_gmt":"2024-03-23T09:16:10","guid":{"rendered":"https:\/\/kustomshop.kinsta.cloud\/produkt\/volleyball-knieschoner-2\/"},"modified":"2026-03-31T12:52:23","modified_gmt":"2026-03-31T11:52:23","slug":"volleyball-knieschoner-2","status":"publish","type":"product","link":"https:\/\/shop.kustom.ch\/fr\/produit\/volleyball-knieschoner-2\/","title":{"rendered":"Genouill\u00e8res de volley-ball"},"content":{"rendered":"<p>Genouill\u00e8re robuste pour une protection maximale.<br \/>\nForme anatomique<br \/>\nPropri\u00e9t\u00e9s d'amortissement optimales<br \/>\nCouche ext\u00e9rieure r\u00e9sistante \u00e0 l'abrasion &amp; \u00e0 la chaleur<br \/>\nTenue parfaite &amp; protection optimale<\/p>","protected":false},"excerpt":{"rendered":"<p><span><\/span><\/p>","protected":false},"featured_media":160030,"template":"","meta":[],"product_brand":[],"product_cat":[9643,4209],"product_tag":[],"class_list":{"0":"post-160032","1":"product","2":"type-product","3":"status-publish","4":"has-post-thumbnail","6":"product_cat-equipment","7":"product_cat-zubehoer","8":"pa_brand-erima","9":"pa_brand-type-sportswear","10":"pa_filter-color-schwarz","12":"first","13":"instock","14":"sale","15":"taxable","16":"shipping-taxable","17":"purchasable","18":"product-type-variable","19":"add-to-wishlist-before_image"},"exclude_global_add_ons":[],"addons":[],"acf":[],"_links":{"self":[{"href":"https:\/\/shop.kustom.ch\/fr\/wp-json\/wp\/v2\/product\/160032"}],"collection":[{"href":"https:\/\/shop.kustom.ch\/fr\/wp-json\/wp\/v2\/product"}],"about":[{"href":"https:\/\/shop.kustom.ch\/fr\/wp-json\/wp\/v2\/types\/product"}],"wp:featuredmedia":[{"embeddable":true,"href":"https:\/\/shop.kustom.ch\/fr\/wp-json\/wp\/v2\/media\/160030"}],"wp:attachment":[{"href":"https:\/\/shop.kustom.ch\/fr\/wp-json\/wp\/v2\/media?parent=160032"}],"wp:term":[{"taxonomy":"product_brand","embeddable":true,"href":"https:\/\/shop.kustom.ch\/fr\/wp-json\/wp\/v2\/product_brand?post=160032"},{"taxonomy":"product_cat","embeddable":true,"href":"https:\/\/shop.kustom.ch\/fr\/wp-json\/wp\/v2\/product_cat?post=160032"},{"taxonomy":"product_tag","embeddable":true,"href":"https:\/\/shop.kustom.ch\/fr\/wp-json\/wp\/v2\/product_tag?post=160032"}],"curies":[{"name":"wp","href":"https:\/\/api.w.org\/{rel}","templated":true}]}}