{"id":159961,"date":"2024-03-23T10:14:46","date_gmt":"2024-03-23T09:14:46","guid":{"rendered":"https:\/\/kustomshop.kinsta.cloud\/produkt\/trinkflasche-team\/"},"modified":"2026-03-31T12:50:51","modified_gmt":"2026-03-31T11:50:51","slug":"trinkflasche-team","status":"publish","type":"product","link":"https:\/\/shop.kustom.ch\/fr\/produit\/trinkflasche-team\/","title":{"rendered":"Bouteille d'eau Team"},"content":{"rendered":"<p>Faire le plein d'\u00e9nergie.<br \/>\ncapacit\u00e9 de 800 ml<br \/>\nAnti-fuite et imm\u00e9diatement pr\u00eat \u00e0 boire gr\u00e2ce \u00e0 la valve push\/pull<br \/>\nBouchon \u00e0 vis<br \/>\nConvient pour les aliments et sans BPA<br \/>\nFacile \u00e0 nettoyer<br \/>\nPersonnalisable avec le logo de l'association<\/p>","protected":false},"excerpt":{"rendered":"<p><span><\/span><\/p>","protected":false},"featured_media":159963,"template":"","meta":[],"product_brand":[],"product_cat":[9643,4207],"product_tag":[],"class_list":{"0":"post-159961","1":"product","2":"type-product","3":"status-publish","4":"has-post-thumbnail","6":"product_cat-equipment","7":"product_cat-wasserflaschen","8":"pa_brand-erima","9":"pa_brand-type-sportswear","10":"pa_filter-color-blau","11":"pa_filter-color-gruen","12":"pa_filter-color-rot","13":"pa_filter-color-schwarz","15":"first","16":"instock","17":"sale","18":"taxable","19":"shipping-taxable","20":"purchasable","21":"product-type-variable","22":"add-to-wishlist-before_image"},"exclude_global_add_ons":[],"addons":[],"acf":[],"_links":{"self":[{"href":"https:\/\/shop.kustom.ch\/fr\/wp-json\/wp\/v2\/product\/159961"}],"collection":[{"href":"https:\/\/shop.kustom.ch\/fr\/wp-json\/wp\/v2\/product"}],"about":[{"href":"https:\/\/shop.kustom.ch\/fr\/wp-json\/wp\/v2\/types\/product"}],"wp:featuredmedia":[{"embeddable":true,"href":"https:\/\/shop.kustom.ch\/fr\/wp-json\/wp\/v2\/media\/159963"}],"wp:attachment":[{"href":"https:\/\/shop.kustom.ch\/fr\/wp-json\/wp\/v2\/media?parent=159961"}],"wp:term":[{"taxonomy":"product_brand","embeddable":true,"href":"https:\/\/shop.kustom.ch\/fr\/wp-json\/wp\/v2\/product_brand?post=159961"},{"taxonomy":"product_cat","embeddable":true,"href":"https:\/\/shop.kustom.ch\/fr\/wp-json\/wp\/v2\/product_cat?post=159961"},{"taxonomy":"product_tag","embeddable":true,"href":"https:\/\/shop.kustom.ch\/fr\/wp-json\/wp\/v2\/product_tag?post=159961"}],"curies":[{"name":"wp","href":"https:\/\/api.w.org\/{rel}","templated":true}]}}