{"id":159928,"date":"2024-03-23T10:14:13","date_gmt":"2024-03-23T09:14:13","guid":{"rendered":"https:\/\/kustomshop.kinsta.cloud\/produkt\/armsleeve-2\/"},"modified":"2026-03-31T12:50:48","modified_gmt":"2026-03-31T11:50:48","slug":"armsleeve-2","status":"publish","type":"product","link":"https:\/\/shop.kustom.ch\/fr\/produit\/armsleeve-2\/","title":{"rendered":"Manchon de bras"},"content":{"rendered":"<p>Des manches longues faciles et rapides pour ton maillot ou ton t-shirt de course.<br \/>\nMati\u00e8re \u00e9vacuant l'humidit\u00e9<br \/>\nCoupe ajust\u00e9e<br \/>\nPoignets \u00e9lastiques<br \/>\nCoutures plates pour un confort sans frottement<br \/>\nImprimable individuellement<br \/>\nMati\u00e8re : 95% polyamide, 3% caoutchouc, 2% \u00e9lasthanne<\/p>","protected":false},"excerpt":{"rendered":"<p><span><\/span><\/p>","protected":false},"featured_media":159930,"template":"","meta":[],"product_brand":[],"product_cat":[9643,4209],"product_tag":[],"class_list":{"0":"post-159928","1":"product","2":"type-product","3":"status-publish","4":"has-post-thumbnail","6":"product_cat-equipment","7":"product_cat-zubehoer","8":"pa_brand-erima","9":"pa_brand-type-sportswear","10":"pa_filter-color-blau","11":"pa_filter-color-gelb","12":"pa_filter-color-gruen","13":"pa_filter-color-rot","14":"pa_filter-color-schwarz","16":"first","17":"instock","18":"sale","19":"taxable","20":"shipping-taxable","21":"purchasable","22":"product-type-variable","23":"add-to-wishlist-before_image"},"exclude_global_add_ons":[],"addons":[],"acf":[],"_links":{"self":[{"href":"https:\/\/shop.kustom.ch\/fr\/wp-json\/wp\/v2\/product\/159928"}],"collection":[{"href":"https:\/\/shop.kustom.ch\/fr\/wp-json\/wp\/v2\/product"}],"about":[{"href":"https:\/\/shop.kustom.ch\/fr\/wp-json\/wp\/v2\/types\/product"}],"wp:featuredmedia":[{"embeddable":true,"href":"https:\/\/shop.kustom.ch\/fr\/wp-json\/wp\/v2\/media\/159930"}],"wp:attachment":[{"href":"https:\/\/shop.kustom.ch\/fr\/wp-json\/wp\/v2\/media?parent=159928"}],"wp:term":[{"taxonomy":"product_brand","embeddable":true,"href":"https:\/\/shop.kustom.ch\/fr\/wp-json\/wp\/v2\/product_brand?post=159928"},{"taxonomy":"product_cat","embeddable":true,"href":"https:\/\/shop.kustom.ch\/fr\/wp-json\/wp\/v2\/product_cat?post=159928"},{"taxonomy":"product_tag","embeddable":true,"href":"https:\/\/shop.kustom.ch\/fr\/wp-json\/wp\/v2\/product_tag?post=159928"}],"curies":[{"name":"wp","href":"https:\/\/api.w.org\/{rel}","templated":true}]}}