{"id":159921,"date":"2024-03-23T10:14:01","date_gmt":"2024-03-23T09:14:01","guid":{"rendered":"https:\/\/kustomshop.kinsta.cloud\/produkt\/luftpumpe-12\/"},"modified":"2026-03-31T12:50:44","modified_gmt":"2026-03-31T11:50:44","slug":"luftpumpe-12","status":"publish","type":"product","link":"https:\/\/shop.kustom.ch\/fr\/produit\/luftpumpe-12\/","title":{"rendered":"Pompe \u00e0 air 12\u2032"},"content":{"rendered":"<p>Pompe \u00e0 deux voies<br \/>\nAcc\u00e9l\u00e8re le processus de pompage par rapport aux pompes \u00e0 air traditionnelles<br \/>\nTuyau de valve et aiguille europ\u00e9enne inclus<br \/>\nMat\u00e9riau : 100% polypropyl\u00e8ne<\/p>","protected":false},"excerpt":{"rendered":"<p><span><\/span><\/p>","protected":false},"featured_media":159923,"template":"","meta":[],"product_brand":[],"product_cat":[9643,4209],"product_tag":[],"class_list":{"0":"post-159921","1":"product","2":"type-product","3":"status-publish","4":"has-post-thumbnail","6":"product_cat-equipment","7":"product_cat-zubehoer","8":"pa_brand-erima","9":"pa_brand-type-sportswear","10":"pa_filter-color-gruen","11":"pa_filter-color-schwarz","13":"first","14":"instock","15":"sale","16":"taxable","17":"shipping-taxable","18":"purchasable","19":"product-type-variable","20":"add-to-wishlist-before_image"},"exclude_global_add_ons":[],"addons":[],"acf":[],"_links":{"self":[{"href":"https:\/\/shop.kustom.ch\/fr\/wp-json\/wp\/v2\/product\/159921"}],"collection":[{"href":"https:\/\/shop.kustom.ch\/fr\/wp-json\/wp\/v2\/product"}],"about":[{"href":"https:\/\/shop.kustom.ch\/fr\/wp-json\/wp\/v2\/types\/product"}],"wp:featuredmedia":[{"embeddable":true,"href":"https:\/\/shop.kustom.ch\/fr\/wp-json\/wp\/v2\/media\/159923"}],"wp:attachment":[{"href":"https:\/\/shop.kustom.ch\/fr\/wp-json\/wp\/v2\/media?parent=159921"}],"wp:term":[{"taxonomy":"product_brand","embeddable":true,"href":"https:\/\/shop.kustom.ch\/fr\/wp-json\/wp\/v2\/product_brand?post=159921"},{"taxonomy":"product_cat","embeddable":true,"href":"https:\/\/shop.kustom.ch\/fr\/wp-json\/wp\/v2\/product_cat?post=159921"},{"taxonomy":"product_tag","embeddable":true,"href":"https:\/\/shop.kustom.ch\/fr\/wp-json\/wp\/v2\/product_tag?post=159921"}],"curies":[{"name":"wp","href":"https:\/\/api.w.org\/{rel}","templated":true}]}}