{"id":159913,"date":"2024-03-23T10:13:50","date_gmt":"2024-03-23T09:13:50","guid":{"rendered":"https:\/\/kustomshop.kinsta.cloud\/produkt\/koordinationsleiter-flex\/"},"modified":"2026-03-31T12:50:42","modified_gmt":"2026-03-31T11:50:42","slug":"koordinationsleiter-flex","status":"publish","type":"product","link":"https:\/\/shop.kustom.ch\/fr\/produit\/koordinationsleiter-flex\/","title":{"rendered":"\u00c9chelle de coordination flex"},"content":{"rendered":"<p>\u00c9chelle de coordination pratique pour un entra\u00eenement efficace.<br \/>\nId\u00e9al pour l'entra\u00eenement \u00e0 la course, au sprint et \u00e0 la coordination pour am\u00e9liorer le travail des jambes<br \/>\n12 barreaux en plastique flexible et incassable<br \/>\nSangles r\u00e9sistantes<br \/>\nRev\u00eatement antid\u00e9rapant pour pr\u00e9venir les blessures<br \/>\nespacement variable entre les \u00e9chelons<br \/>\nSac de transport inclus<br \/>\nlongueur env. 6 m, largeur 0,5 m<\/p>","protected":false},"excerpt":{"rendered":"<p><span><\/span><\/p>","protected":false},"featured_media":240200,"template":"","meta":[],"product_brand":[],"product_cat":[9643,4209],"product_tag":[],"class_list":{"0":"post-159913","1":"product","2":"type-product","3":"status-publish","4":"has-post-thumbnail","6":"product_cat-equipment","7":"product_cat-zubehoer","8":"pa_brand-erima","9":"pa_brand-type-sportswear","10":"pa_filter-color-orange","11":"pa_filter-color-schwarz","13":"first","14":"instock","15":"sale","16":"taxable","17":"shipping-taxable","18":"purchasable","19":"product-type-variable","20":"add-to-wishlist-before_image"},"exclude_global_add_ons":[],"addons":[],"acf":[],"_links":{"self":[{"href":"https:\/\/shop.kustom.ch\/fr\/wp-json\/wp\/v2\/product\/159913"}],"collection":[{"href":"https:\/\/shop.kustom.ch\/fr\/wp-json\/wp\/v2\/product"}],"about":[{"href":"https:\/\/shop.kustom.ch\/fr\/wp-json\/wp\/v2\/types\/product"}],"wp:featuredmedia":[{"embeddable":true,"href":"https:\/\/shop.kustom.ch\/fr\/wp-json\/wp\/v2\/media\/240200"}],"wp:attachment":[{"href":"https:\/\/shop.kustom.ch\/fr\/wp-json\/wp\/v2\/media?parent=159913"}],"wp:term":[{"taxonomy":"product_brand","embeddable":true,"href":"https:\/\/shop.kustom.ch\/fr\/wp-json\/wp\/v2\/product_brand?post=159913"},{"taxonomy":"product_cat","embeddable":true,"href":"https:\/\/shop.kustom.ch\/fr\/wp-json\/wp\/v2\/product_cat?post=159913"},{"taxonomy":"product_tag","embeddable":true,"href":"https:\/\/shop.kustom.ch\/fr\/wp-json\/wp\/v2\/product_tag?post=159913"}],"curies":[{"name":"wp","href":"https:\/\/api.w.org\/{rel}","templated":true}]}}