{"id":159891,"date":"2024-03-23T10:13:18","date_gmt":"2024-03-23T09:13:18","guid":{"rendered":"https:\/\/kustomshop.kinsta.cloud\/produkt\/ballsack-12-baelle\/"},"modified":"2026-03-31T12:50:18","modified_gmt":"2026-03-31T11:50:18","slug":"ballsack-12-baelle","status":"publish","type":"product","link":"https:\/\/shop.kustom.ch\/fr\/produit\/ballsack-12-baelle\/","title":{"rendered":"Sac de balles 12 balles"},"content":{"rendered":"<p>Personnalisable gr\u00e2ce \u00e0 une grande surface d'impression<br \/>\nSac \u00e0 balles l\u00e9ger et spacieux pour le transport pratique de jusqu'\u00e0 12 balles<br \/>\nbretelles et cordon de serrage avec stoppeur<\/p>","protected":false},"excerpt":{"rendered":"<p>Individualisierbar dank grosser Print-Fl\u00e4che Leichte ger\u00e4umige Balltasche f\u00fcr den praktischen Transport von bis zu 12 B\u00e4llen Schultertragegurte und Kordelverschluss mit Stopper<\/p>","protected":false},"featured_media":240477,"template":"","meta":[],"product_brand":[],"product_cat":[9643,4209],"product_tag":[],"class_list":{"0":"post-159891","1":"product","2":"type-product","3":"status-publish","4":"has-post-thumbnail","6":"product_cat-equipment","7":"product_cat-zubehoer","8":"pa_brand-erima","9":"pa_brand-type-sportswear","10":"pa_filter-color-schwarz","11":"pa_filter-color-weiss","13":"first","14":"instock","15":"sale","16":"taxable","17":"shipping-taxable","18":"purchasable","19":"product-type-variable","20":"add-to-wishlist-before_image"},"exclude_global_add_ons":[],"addons":[],"acf":[],"_links":{"self":[{"href":"https:\/\/shop.kustom.ch\/fr\/wp-json\/wp\/v2\/product\/159891"}],"collection":[{"href":"https:\/\/shop.kustom.ch\/fr\/wp-json\/wp\/v2\/product"}],"about":[{"href":"https:\/\/shop.kustom.ch\/fr\/wp-json\/wp\/v2\/types\/product"}],"wp:featuredmedia":[{"embeddable":true,"href":"https:\/\/shop.kustom.ch\/fr\/wp-json\/wp\/v2\/media\/240477"}],"wp:attachment":[{"href":"https:\/\/shop.kustom.ch\/fr\/wp-json\/wp\/v2\/media?parent=159891"}],"wp:term":[{"taxonomy":"product_brand","embeddable":true,"href":"https:\/\/shop.kustom.ch\/fr\/wp-json\/wp\/v2\/product_brand?post=159891"},{"taxonomy":"product_cat","embeddable":true,"href":"https:\/\/shop.kustom.ch\/fr\/wp-json\/wp\/v2\/product_cat?post=159891"},{"taxonomy":"product_tag","embeddable":true,"href":"https:\/\/shop.kustom.ch\/fr\/wp-json\/wp\/v2\/product_tag?post=159891"}],"curies":[{"name":"wp","href":"https:\/\/api.w.org\/{rel}","templated":true}]}}