{"id":159808,"date":"2024-03-23T10:11:57","date_gmt":"2024-03-23T09:11:57","guid":{"rendered":"https:\/\/kustomshop.kinsta.cloud\/produkt\/all-in-one-bag\/"},"modified":"2026-03-31T12:49:33","modified_gmt":"2026-03-31T11:49:33","slug":"all-in-one-bag","status":"publish","type":"product","link":"https:\/\/shop.kustom.ch\/fr\/produit\/all-in-one-bag\/","title":{"rendered":"ALL-IN-ONE BAG"},"content":{"rendered":"<p>Le spacieux ALL-IN-ONE BAG convainc par ses nombreux extras pratiques et sa mati\u00e8re extr\u00eamement r\u00e9sistante. Le clou : tu peux le porter comme sac de sport mais aussi comme sac \u00e0 dos.<br \/>\nBretelles rembourr\u00e9es r\u00e9glables individuellement et dos rembourr\u00e9 pour un port confortable en sac \u00e0 dos<br \/>\nsi n\u00e9cessaire, les bretelles peuvent \u00eatre d\u00e9croch\u00e9es \u00e0 la base et rang\u00e9es \u00e0 l'arri\u00e8re du sac<br \/>\nCompartiment spacieux \u00e0 l'arri\u00e8re avec fermeture \u00e9clair pratique<br \/>\nfermeture sur le devant des bretelles pour un ajustement optimal<br \/>\nbandouli\u00e8re unique pour porter le sac comme un sac de sport<br \/>\nLe compartiment principal tr\u00e8s spacieux est divis\u00e9 en deux parties<br \/>\nLa partie inf\u00e9rieure est divis\u00e9e en deux compartiments, l'un avec un filet pratique et l'autre avec une poche int\u00e9gr\u00e9e pour les v\u00eatements mouill\u00e9s.<br \/>\nLes deux compartiments peuvent \u00e9galement \u00eatre ouverts de l'ext\u00e9rieur et disposent d'ouvertures pour une a\u00e9ration id\u00e9ale<br \/>\nPetit compartiment s\u00e9par\u00e9 avec fermeture \u00e9clair pour les petits objets importants<br \/>\nMat\u00e9riau : polyester 100%<\/p>","protected":false},"excerpt":{"rendered":"<p><span><\/span><\/p>","protected":false},"featured_media":159805,"template":"","meta":[],"product_brand":[],"product_cat":[9643,4195],"product_tag":[],"class_list":{"0":"post-159808","1":"product","2":"type-product","3":"status-publish","4":"has-post-thumbnail","6":"product_cat-equipment","7":"product_cat-rucksaecke-taschen","8":"pa_brand-erima","9":"pa_brand-type-sportswear","10":"pa_filter-color-schwarz","12":"first","13":"instock","14":"sale","15":"taxable","16":"shipping-taxable","17":"purchasable","18":"product-type-variable","19":"add-to-wishlist-before_image"},"exclude_global_add_ons":[],"addons":[],"acf":[],"_links":{"self":[{"href":"https:\/\/shop.kustom.ch\/fr\/wp-json\/wp\/v2\/product\/159808"}],"collection":[{"href":"https:\/\/shop.kustom.ch\/fr\/wp-json\/wp\/v2\/product"}],"about":[{"href":"https:\/\/shop.kustom.ch\/fr\/wp-json\/wp\/v2\/types\/product"}],"wp:featuredmedia":[{"embeddable":true,"href":"https:\/\/shop.kustom.ch\/fr\/wp-json\/wp\/v2\/media\/159805"}],"wp:attachment":[{"href":"https:\/\/shop.kustom.ch\/fr\/wp-json\/wp\/v2\/media?parent=159808"}],"wp:term":[{"taxonomy":"product_brand","embeddable":true,"href":"https:\/\/shop.kustom.ch\/fr\/wp-json\/wp\/v2\/product_brand?post=159808"},{"taxonomy":"product_cat","embeddable":true,"href":"https:\/\/shop.kustom.ch\/fr\/wp-json\/wp\/v2\/product_cat?post=159808"},{"taxonomy":"product_tag","embeddable":true,"href":"https:\/\/shop.kustom.ch\/fr\/wp-json\/wp\/v2\/product_tag?post=159808"}],"curies":[{"name":"wp","href":"https:\/\/api.w.org\/{rel}","templated":true}]}}