{"id":159794,"date":"2024-03-23T10:11:39","date_gmt":"2024-03-23T09:11:39","guid":{"rendered":"https:\/\/kustomshop.kinsta.cloud\/produkt\/six-wings-kulturtasche\/"},"modified":"2026-03-31T12:49:30","modified_gmt":"2026-03-31T11:49:30","slug":"six-wings-kulturtasche","status":"publish","type":"product","link":"https:\/\/shop.kustom.ch\/fr\/produit\/six-wings-kulturtasche\/","title":{"rendered":"SIX WINGS Trousse de toilette"},"content":{"rendered":"<p>Avec cette trousse de toilette r\u00e9sistante, tu as tout \u00e0 port\u00e9e de main apr\u00e8s l'entra\u00eenement ou le match. Avec une poche frontale pratique et une poign\u00e9e pour la suspendre.<br \/>\nUne nouvelle \u00e9dition : Le successeur de la trousse de toilette CLUB 5 pr\u00e9sente la m\u00eame structure et les m\u00eames mat\u00e9riaux, ainsi qu'un design l\u00e9g\u00e8rement modifi\u00e9 avec un imprim\u00e9 SIX WINGS moderne.<br \/>\nCompartiment principal spacieux avec des s\u00e9parations pratiques<br \/>\nPetite poche frontale avec fermeture \u00e9clair<br \/>\nPoign\u00e9e de transport lat\u00e9rale pour suspendre<br \/>\nMat\u00e9riau r\u00e9sistant<br \/>\nMat\u00e9riau : polyester 100% 600D<\/p>","protected":false},"excerpt":{"rendered":"<p><span><\/span><\/p>","protected":false},"featured_media":133317,"template":"","meta":[],"product_brand":[],"product_cat":[9643,4195],"product_tag":[],"class_list":{"0":"post-159794","1":"product","2":"type-product","3":"status-publish","4":"has-post-thumbnail","6":"product_cat-equipment","7":"product_cat-rucksaecke-taschen","8":"pa_brand-erima","9":"pa_brand-type-sportswear","10":"pa_filter-color-schwarz","12":"first","13":"outofstock","14":"sale","15":"taxable","16":"shipping-taxable","17":"purchasable","18":"product-type-variable","19":"add-to-wishlist-before_image"},"exclude_global_add_ons":[],"addons":[],"acf":[],"_links":{"self":[{"href":"https:\/\/shop.kustom.ch\/fr\/wp-json\/wp\/v2\/product\/159794"}],"collection":[{"href":"https:\/\/shop.kustom.ch\/fr\/wp-json\/wp\/v2\/product"}],"about":[{"href":"https:\/\/shop.kustom.ch\/fr\/wp-json\/wp\/v2\/types\/product"}],"wp:featuredmedia":[{"embeddable":true,"href":"https:\/\/shop.kustom.ch\/fr\/wp-json\/wp\/v2\/media\/133317"}],"wp:attachment":[{"href":"https:\/\/shop.kustom.ch\/fr\/wp-json\/wp\/v2\/media?parent=159794"}],"wp:term":[{"taxonomy":"product_brand","embeddable":true,"href":"https:\/\/shop.kustom.ch\/fr\/wp-json\/wp\/v2\/product_brand?post=159794"},{"taxonomy":"product_cat","embeddable":true,"href":"https:\/\/shop.kustom.ch\/fr\/wp-json\/wp\/v2\/product_cat?post=159794"},{"taxonomy":"product_tag","embeddable":true,"href":"https:\/\/shop.kustom.ch\/fr\/wp-json\/wp\/v2\/product_tag?post=159794"}],"curies":[{"name":"wp","href":"https:\/\/api.w.org\/{rel}","templated":true}]}}