{"id":159760,"date":"2024-03-23T10:11:08","date_gmt":"2024-03-23T09:11:08","guid":{"rendered":"https:\/\/kustomshop.kinsta.cloud\/produkt\/six-wings-rucksack-2\/"},"modified":"2026-03-31T12:49:27","modified_gmt":"2026-03-31T11:49:27","slug":"six-wings-rucksack-2","status":"publish","type":"product","link":"https:\/\/shop.kustom.ch\/fr\/produit\/six-wings-rucksack-2\/","title":{"rendered":"Sac \u00e0 dos SIX WINGS"},"content":{"rendered":"<p>Parfait pour tous les sports : le compartiment principal spacieux ainsi que le compartiment inf\u00e9rieur s\u00e9par\u00e9 offrent suffisamment de place pour ton \u00e9quipement n\u00e9cessaire.<br \/>\nUne nouvelle \u00e9dition : Le successeur du sac \u00e0 dos CLUB 5 a la m\u00eame structure et les m\u00eames mat\u00e9riaux ainsi qu'un design l\u00e9g\u00e8rement modifi\u00e9 avec un imprim\u00e9 SIX WINGS moderne.<br \/>\nCompartiment principal spacieux avec double fermeture \u00e9clair<br \/>\nPoches lat\u00e9rales en mesh<br \/>\nCordon \u00e9lastique r\u00e9glable individuellement \u00e0 l'avant<br \/>\nBretelles rembourr\u00e9es<br \/>\nPoche \u00e0 balles amovible en mesh<br \/>\nCompartiment au sol pour ranger les chaussures s\u00e9par\u00e9ment<br \/>\nMat\u00e9riau : polyester 100% 600D<\/p>","protected":false},"excerpt":{"rendered":"<p><span><\/span><\/p>","protected":false},"featured_media":134118,"template":"","meta":[],"product_brand":[],"product_cat":[9643,4195],"product_tag":[],"class_list":{"0":"post-159760","1":"product","2":"type-product","3":"status-publish","4":"has-post-thumbnail","6":"product_cat-equipment","7":"product_cat-rucksaecke-taschen","8":"pa_brand-erima","9":"pa_brand-type-sportswear","10":"pa_filter-color-blau","11":"pa_filter-color-gelb","12":"pa_filter-color-grau","13":"pa_filter-color-gruen","14":"pa_filter-color-orange","15":"pa_filter-color-rot","16":"pa_filter-color-schwarz","18":"first","19":"instock","20":"sale","21":"taxable","22":"shipping-taxable","23":"purchasable","24":"product-type-variable","25":"add-to-wishlist-before_image"},"exclude_global_add_ons":[],"addons":[],"acf":[],"_links":{"self":[{"href":"https:\/\/shop.kustom.ch\/fr\/wp-json\/wp\/v2\/product\/159760"}],"collection":[{"href":"https:\/\/shop.kustom.ch\/fr\/wp-json\/wp\/v2\/product"}],"about":[{"href":"https:\/\/shop.kustom.ch\/fr\/wp-json\/wp\/v2\/types\/product"}],"wp:featuredmedia":[{"embeddable":true,"href":"https:\/\/shop.kustom.ch\/fr\/wp-json\/wp\/v2\/media\/134118"}],"wp:attachment":[{"href":"https:\/\/shop.kustom.ch\/fr\/wp-json\/wp\/v2\/media?parent=159760"}],"wp:term":[{"taxonomy":"product_brand","embeddable":true,"href":"https:\/\/shop.kustom.ch\/fr\/wp-json\/wp\/v2\/product_brand?post=159760"},{"taxonomy":"product_cat","embeddable":true,"href":"https:\/\/shop.kustom.ch\/fr\/wp-json\/wp\/v2\/product_cat?post=159760"},{"taxonomy":"product_tag","embeddable":true,"href":"https:\/\/shop.kustom.ch\/fr\/wp-json\/wp\/v2\/product_tag?post=159760"}],"curies":[{"name":"wp","href":"https:\/\/api.w.org\/{rel}","templated":true}]}}