{"id":159719,"date":"2024-03-23T10:10:34","date_gmt":"2024-03-23T09:10:34","guid":{"rendered":"https:\/\/kustomshop.kinsta.cloud\/produkt\/six-wings-sporttasche-mit-bodenfach\/"},"modified":"2026-03-31T12:49:26","modified_gmt":"2026-03-31T11:49:26","slug":"six-wings-sporttasche-mit-bodenfach","status":"publish","type":"product","link":"https:\/\/shop.kustom.ch\/fr\/produit\/six-wings-sporttasche-mit-bodenfach\/","title":{"rendered":"Sac de sport SIX WINGS avec compartiment inf\u00e9rieur"},"content":{"rendered":"<p>S\u00e9paration nette : le sac de rangement au sol, pratique et r\u00e9sistant, permet de maintenir l'ordre.<br \/>\nR\u00e9\u00e9dit\u00e9 dans une nouvelle version : Le successeur du sac de sport CLUB 5 avec compartiment inf\u00e9rieur a la m\u00eame structure et les m\u00eames mat\u00e9riaux ainsi qu'un design l\u00e9g\u00e8rement modifi\u00e9 avec un imprim\u00e9 moderne SIX WINGS.<br \/>\nCompartiment inf\u00e9rieur int\u00e9gr\u00e9<br \/>\nUne construction optimale pour un espace de rangement maximal<br \/>\npoche lat\u00e9rale en mesh<br \/>\nBandouli\u00e8re r\u00e9glable<br \/>\nPossibilit\u00e9s de finition optimales<br \/>\nMat\u00e9riau : polyester 100% 600D<\/p>","protected":false},"excerpt":{"rendered":"<p><span><\/span><\/p>","protected":false},"featured_media":159721,"template":"","meta":[],"product_brand":[],"product_cat":[9643,4195],"product_tag":[],"class_list":{"0":"post-159719","1":"product","2":"type-product","3":"status-publish","4":"has-post-thumbnail","6":"product_cat-equipment","7":"product_cat-rucksaecke-taschen","8":"pa_brand-erima","9":"pa_brand-type-sportswear","10":"pa_filter-color-blau","11":"pa_filter-color-gelb","12":"pa_filter-color-grau","13":"pa_filter-color-gruen","14":"pa_filter-color-orange","15":"pa_filter-color-rot","16":"pa_filter-color-schwarz","18":"first","19":"instock","20":"sale","21":"taxable","22":"shipping-taxable","23":"purchasable","24":"product-type-variable","25":"add-to-wishlist-before_image"},"exclude_global_add_ons":[],"addons":[],"acf":[],"_links":{"self":[{"href":"https:\/\/shop.kustom.ch\/fr\/wp-json\/wp\/v2\/product\/159719"}],"collection":[{"href":"https:\/\/shop.kustom.ch\/fr\/wp-json\/wp\/v2\/product"}],"about":[{"href":"https:\/\/shop.kustom.ch\/fr\/wp-json\/wp\/v2\/types\/product"}],"wp:featuredmedia":[{"embeddable":true,"href":"https:\/\/shop.kustom.ch\/fr\/wp-json\/wp\/v2\/media\/159721"}],"wp:attachment":[{"href":"https:\/\/shop.kustom.ch\/fr\/wp-json\/wp\/v2\/media?parent=159719"}],"wp:term":[{"taxonomy":"product_brand","embeddable":true,"href":"https:\/\/shop.kustom.ch\/fr\/wp-json\/wp\/v2\/product_brand?post=159719"},{"taxonomy":"product_cat","embeddable":true,"href":"https:\/\/shop.kustom.ch\/fr\/wp-json\/wp\/v2\/product_cat?post=159719"},{"taxonomy":"product_tag","embeddable":true,"href":"https:\/\/shop.kustom.ch\/fr\/wp-json\/wp\/v2\/product_tag?post=159719"}],"curies":[{"name":"wp","href":"https:\/\/api.w.org\/{rel}","templated":true}]}}