{"id":159546,"date":"2024-03-23T10:07:23","date_gmt":"2024-03-23T09:07:23","guid":{"rendered":"https:\/\/kustomshop.kinsta.cloud\/produkt\/erima-hybrid-indoor\/"},"modified":"2026-03-31T12:47:27","modified_gmt":"2026-03-31T11:47:27","slug":"erima-hybrid-indoor","status":"publish","type":"product","link":"https:\/\/shop.kustom.ch\/fr\/produit\/erima-hybrid-indoor\/","title":{"rendered":"ERIMA HYBRID INDOOR"},"content":{"rendered":"<p>Ballon de football indoor classique dot\u00e9 de la technologie ERIMA Hybrid, qui combine les avantages d'un ballon coll\u00e9 et d'un ballon cousu.<br \/>\nMicrofibre PU r\u00e9sistante \u00e0 l'abrasion avec rev\u00eatement en feutre<br \/>\nTechnologie ERIMA Hybrid<br \/>\nLa valve ABS garde l'air dans la balle plus longtemps<br \/>\nVessie en butyle r\u00e9sistante<\/p>","protected":false},"excerpt":{"rendered":"<p><span><\/span><\/p>","protected":false},"featured_media":159548,"template":"","meta":[],"product_brand":[],"product_cat":[9643,4175],"product_tag":[],"class_list":{"0":"post-159546","1":"product","2":"type-product","3":"status-publish","4":"has-post-thumbnail","6":"product_cat-equipment","7":"product_cat-baelle","8":"pa_brand-erima","9":"pa_brand-type-sportswear","10":"pa_filter-color-gelb","11":"pa_filter-color-rot","13":"first","14":"instock","15":"sale","16":"taxable","17":"shipping-taxable","18":"purchasable","19":"product-type-variable","20":"add-to-wishlist-before_image"},"exclude_global_add_ons":[],"addons":[],"acf":[],"_links":{"self":[{"href":"https:\/\/shop.kustom.ch\/fr\/wp-json\/wp\/v2\/product\/159546"}],"collection":[{"href":"https:\/\/shop.kustom.ch\/fr\/wp-json\/wp\/v2\/product"}],"about":[{"href":"https:\/\/shop.kustom.ch\/fr\/wp-json\/wp\/v2\/types\/product"}],"wp:featuredmedia":[{"embeddable":true,"href":"https:\/\/shop.kustom.ch\/fr\/wp-json\/wp\/v2\/media\/159548"}],"wp:attachment":[{"href":"https:\/\/shop.kustom.ch\/fr\/wp-json\/wp\/v2\/media?parent=159546"}],"wp:term":[{"taxonomy":"product_brand","embeddable":true,"href":"https:\/\/shop.kustom.ch\/fr\/wp-json\/wp\/v2\/product_brand?post=159546"},{"taxonomy":"product_cat","embeddable":true,"href":"https:\/\/shop.kustom.ch\/fr\/wp-json\/wp\/v2\/product_cat?post=159546"},{"taxonomy":"product_tag","embeddable":true,"href":"https:\/\/shop.kustom.ch\/fr\/wp-json\/wp\/v2\/product_tag?post=159546"}],"curies":[{"name":"wp","href":"https:\/\/api.w.org\/{rel}","templated":true}]}}