{"id":159465,"date":"2024-03-23T10:05:51","date_gmt":"2024-03-23T09:05:51","guid":{"rendered":"https:\/\/kustomshop.kinsta.cloud\/produkt\/senzor-star-match\/"},"modified":"2026-03-31T12:46:58","modified_gmt":"2026-03-31T11:46:58","slug":"senzor-star-match","status":"publish","type":"product","link":"https:\/\/shop.kustom.ch\/fr\/produit\/senzor-star-match\/","title":{"rendered":"SENZOR-STAR MATCH"},"content":{"rendered":"<p>Encore plus rapide, encore meilleur ! La SENZOR-STAR Match offre un comportement de jeu optimal et une vitesse sensationnelle gr\u00e2ce \u00e0 un mat\u00e9riau sup\u00e9rieur nouvellement d\u00e9velopp\u00e9.<br \/>\nTechnologie coll\u00e9e &amp; sans couture<br \/>\nTige nouvellement d\u00e9velopp\u00e9e pour un comportement de jeu encore meilleur et une sensation de douceur<br \/>\nCircularit\u00e9 parfaite gr\u00e2ce \u00e0 la construction innovante ERIMA 18 Panel et ERIMA 8-Circel-Concept<br \/>\nSurface structur\u00e9e en 3D pour un excellent toucher de balle<br \/>\nAcc\u00e9l\u00e9ration pr\u00e9cise et rapide<br \/>\nAbsorption minimale de l'eau en cas de pluie<br \/>\nVessie en latex ABS\/carbone \u00e0 8 ailettes<br \/>\nEncres \u00e0 base d'eau<\/p>","protected":false},"excerpt":{"rendered":"<p><span><\/span><\/p>","protected":false},"featured_media":159467,"template":"","meta":[],"product_brand":[],"product_cat":[9643,4175],"product_tag":[],"class_list":{"0":"post-159465","1":"product","2":"type-product","3":"status-publish","4":"has-post-thumbnail","6":"product_cat-equipment","7":"product_cat-baelle","8":"pa_brand-erima","9":"pa_brand-type-sportswear","10":"pa_filter-color-grau","11":"pa_filter-color-schwarz","13":"first","14":"instock","15":"sale","16":"taxable","17":"shipping-taxable","18":"purchasable","19":"product-type-variable","20":"add-to-wishlist-before_image"},"exclude_global_add_ons":[],"addons":[],"acf":[],"_links":{"self":[{"href":"https:\/\/shop.kustom.ch\/fr\/wp-json\/wp\/v2\/product\/159465"}],"collection":[{"href":"https:\/\/shop.kustom.ch\/fr\/wp-json\/wp\/v2\/product"}],"about":[{"href":"https:\/\/shop.kustom.ch\/fr\/wp-json\/wp\/v2\/types\/product"}],"wp:featuredmedia":[{"embeddable":true,"href":"https:\/\/shop.kustom.ch\/fr\/wp-json\/wp\/v2\/media\/159467"}],"wp:attachment":[{"href":"https:\/\/shop.kustom.ch\/fr\/wp-json\/wp\/v2\/media?parent=159465"}],"wp:term":[{"taxonomy":"product_brand","embeddable":true,"href":"https:\/\/shop.kustom.ch\/fr\/wp-json\/wp\/v2\/product_brand?post=159465"},{"taxonomy":"product_cat","embeddable":true,"href":"https:\/\/shop.kustom.ch\/fr\/wp-json\/wp\/v2\/product_cat?post=159465"},{"taxonomy":"product_tag","embeddable":true,"href":"https:\/\/shop.kustom.ch\/fr\/wp-json\/wp\/v2\/product_tag?post=159465"}],"curies":[{"name":"wp","href":"https:\/\/api.w.org\/{rel}","templated":true}]}}