{"id":159271,"date":"2024-03-23T10:02:59","date_gmt":"2024-03-23T09:02:59","guid":{"rendered":"https:\/\/kustomshop.kinsta.cloud\/produkt\/gandia-tanktop-damen\/"},"modified":"2026-03-31T12:46:55","modified_gmt":"2026-03-31T11:46:55","slug":"gandia-tanktop-damen","status":"publish","type":"product","link":"https:\/\/shop.kustom.ch\/fr\/produit\/gandia-tanktop-damen\/","title":{"rendered":"D\u00e9bardeur Gandia Femmes"},"content":{"rendered":"<p>La libert\u00e9 de mouvement totale rencontre un look styl\u00e9.<br \/>\nMat\u00e9riau doux et \u00e0 s\u00e9chage rapide<br \/>\nd\u00e9collet\u00e9 en V sugg\u00e9r\u00e9<br \/>\nStretch pour une libert\u00e9 de mouvement totale<br \/>\nCoupe cintr\u00e9e pour femmes<br \/>\nMati\u00e8re : 88% polyester, 12% \u00e9lasthanne<\/p>","protected":false},"excerpt":{"rendered":"<p><span><\/span><\/p>","protected":false},"featured_media":159269,"template":"","meta":[],"product_brand":[],"product_cat":[4202],"product_tag":[],"class_list":{"0":"post-159271","1":"product","2":"type-product","3":"status-publish","4":"has-post-thumbnail","6":"product_cat-tank-tops","7":"pa_brand-erima","8":"pa_brand-type-sportswear","9":"pa_filter-color-blau","10":"pa_filter-color-grau","11":"pa_filter-color-gruen","12":"pa_filter-color-pink","13":"pa_filter-color-rot","14":"pa_filter-color-schwarz","15":"pa_filter-color-weiss","17":"first","18":"instock","19":"sale","20":"taxable","21":"shipping-taxable","22":"purchasable","23":"product-type-variable","24":"add-to-wishlist-before_image"},"exclude_global_add_ons":[],"addons":[],"acf":[],"_links":{"self":[{"href":"https:\/\/shop.kustom.ch\/fr\/wp-json\/wp\/v2\/product\/159271"}],"collection":[{"href":"https:\/\/shop.kustom.ch\/fr\/wp-json\/wp\/v2\/product"}],"about":[{"href":"https:\/\/shop.kustom.ch\/fr\/wp-json\/wp\/v2\/types\/product"}],"wp:featuredmedia":[{"embeddable":true,"href":"https:\/\/shop.kustom.ch\/fr\/wp-json\/wp\/v2\/media\/159269"}],"wp:attachment":[{"href":"https:\/\/shop.kustom.ch\/fr\/wp-json\/wp\/v2\/media?parent=159271"}],"wp:term":[{"taxonomy":"product_brand","embeddable":true,"href":"https:\/\/shop.kustom.ch\/fr\/wp-json\/wp\/v2\/product_brand?post=159271"},{"taxonomy":"product_cat","embeddable":true,"href":"https:\/\/shop.kustom.ch\/fr\/wp-json\/wp\/v2\/product_cat?post=159271"},{"taxonomy":"product_tag","embeddable":true,"href":"https:\/\/shop.kustom.ch\/fr\/wp-json\/wp\/v2\/product_tag?post=159271"}],"curies":[{"name":"wp","href":"https:\/\/api.w.org\/{rel}","templated":true}]}}