{"id":158916,"date":"2024-03-23T09:57:37","date_gmt":"2024-03-23T08:57:37","guid":{"rendered":"https:\/\/kustomshop.kinsta.cloud\/produkt\/classic-5-c-shorts\/"},"modified":"2026-03-31T12:46:29","modified_gmt":"2026-03-31T11:46:29","slug":"classic-5-c-shorts","status":"publish","type":"product","link":"https:\/\/shop.kustom.ch\/fr\/produit\/classic-5-c-shorts\/","title":{"rendered":"Short CLASSIC 5-C"},"content":{"rendered":"<p>\u00c9l\u00e9gant short d'entra\u00eenement et de comp\u00e9tition en mati\u00e8re fonctionnelle \u00e9lastique<br \/>\nImpression 5-C r\u00e9sistante \u00e0 la chaleur sur le c\u00f4t\u00e9<br \/>\nAvec slip int\u00e9rieur<br \/>\nSe combine id\u00e9alement avec tous les maillots 5-C<br \/>\nLongueur de c\u00f4t\u00e9 dans la taille M : 46 cm<br \/>\nMat\u00e9riau : polyester 100%<br \/>\nSlip int\u00e9rieur : 100% polyester<\/p>","protected":false},"excerpt":{"rendered":"<p><span><\/span><\/p>","protected":false},"featured_media":134084,"template":"","meta":[],"product_brand":[],"product_cat":[4198],"product_tag":[],"class_list":{"0":"post-158916","1":"product","2":"type-product","3":"status-publish","4":"has-post-thumbnail","6":"product_cat-shorts","7":"pa_brand-erima","8":"pa_brand-type-sportswear","9":"pa_filter-color-blau","10":"pa_filter-color-gelb","11":"pa_filter-color-gruen","12":"pa_filter-color-orange","13":"pa_filter-color-rot","14":"pa_filter-color-schwarz","15":"pa_filter-color-weiss","17":"first","18":"instock","19":"sale","20":"taxable","21":"shipping-taxable","22":"purchasable","23":"product-type-variable","24":"add-to-wishlist-before_image"},"exclude_global_add_ons":[],"addons":[],"acf":[],"_links":{"self":[{"href":"https:\/\/shop.kustom.ch\/fr\/wp-json\/wp\/v2\/product\/158916"}],"collection":[{"href":"https:\/\/shop.kustom.ch\/fr\/wp-json\/wp\/v2\/product"}],"about":[{"href":"https:\/\/shop.kustom.ch\/fr\/wp-json\/wp\/v2\/types\/product"}],"wp:featuredmedia":[{"embeddable":true,"href":"https:\/\/shop.kustom.ch\/fr\/wp-json\/wp\/v2\/media\/134084"}],"wp:attachment":[{"href":"https:\/\/shop.kustom.ch\/fr\/wp-json\/wp\/v2\/media?parent=158916"}],"wp:term":[{"taxonomy":"product_brand","embeddable":true,"href":"https:\/\/shop.kustom.ch\/fr\/wp-json\/wp\/v2\/product_brand?post=158916"},{"taxonomy":"product_cat","embeddable":true,"href":"https:\/\/shop.kustom.ch\/fr\/wp-json\/wp\/v2\/product_cat?post=158916"},{"taxonomy":"product_tag","embeddable":true,"href":"https:\/\/shop.kustom.ch\/fr\/wp-json\/wp\/v2\/product_tag?post=158916"}],"curies":[{"name":"wp","href":"https:\/\/api.w.org\/{rel}","templated":true}]}}