{"id":158429,"date":"2024-03-23T09:50:04","date_gmt":"2024-03-23T08:50:04","guid":{"rendered":"https:\/\/kustomshop.kinsta.cloud\/produkt\/nackenwaermer\/"},"modified":"2026-03-31T12:45:39","modified_gmt":"2026-03-31T11:45:39","slug":"nackenwaermer","status":"publish","type":"product","link":"https:\/\/shop.kustom.ch\/fr\/produit\/nackenwaermer\/","title":{"rendered":"Chauffe-nuque"},"content":{"rendered":"<p>Chaleur respirante pour la saison froide.<br \/>\nmicro-polaire pour un confort doux et agr\u00e9able<br \/>\nRespirant et isolant thermique<br \/>\nLa partie stretch permet de l'enfiler facilement<br \/>\nEn taille unisexe<br \/>\nImprimable individuellement<br \/>\nMati\u00e8re : 87% polyester, 13% \u00e9lasthanne<\/p>","protected":false},"excerpt":{"rendered":"<p>Atmungsaktive W\u00e4rme f\u00fcr die kalte Jahreszeit. Micro-Fleece f\u00fcr ein angenehm weiches Tragegef\u00fchl Atmungsaktiv und w\u00e4rmeisolierend Stretch-Anteil erm\u00f6glicht leichtes \u00dcberziehen In Unisex-Gr\u00f6sse Individuell bedruckbar Material: 87% Polyester, 13% Elasthan<\/p>","protected":false},"featured_media":158431,"template":"","meta":[],"product_brand":[],"product_cat":[4209,9643],"product_tag":[],"class_list":{"0":"post-158429","1":"product","2":"type-product","3":"status-publish","4":"has-post-thumbnail","6":"product_cat-zubehoer","7":"product_cat-equipment","8":"pa_brand-erima","9":"pa_brand-type-sportswear","10":"pa_filter-color-blau","11":"pa_filter-color-rot","12":"pa_filter-color-schwarz","14":"first","15":"instock","16":"sale","17":"taxable","18":"shipping-taxable","19":"purchasable","20":"product-type-variable","21":"add-to-wishlist-before_image"},"exclude_global_add_ons":[],"addons":[],"acf":[],"_links":{"self":[{"href":"https:\/\/shop.kustom.ch\/fr\/wp-json\/wp\/v2\/product\/158429"}],"collection":[{"href":"https:\/\/shop.kustom.ch\/fr\/wp-json\/wp\/v2\/product"}],"about":[{"href":"https:\/\/shop.kustom.ch\/fr\/wp-json\/wp\/v2\/types\/product"}],"wp:featuredmedia":[{"embeddable":true,"href":"https:\/\/shop.kustom.ch\/fr\/wp-json\/wp\/v2\/media\/158431"}],"wp:attachment":[{"href":"https:\/\/shop.kustom.ch\/fr\/wp-json\/wp\/v2\/media?parent=158429"}],"wp:term":[{"taxonomy":"product_brand","embeddable":true,"href":"https:\/\/shop.kustom.ch\/fr\/wp-json\/wp\/v2\/product_brand?post=158429"},{"taxonomy":"product_cat","embeddable":true,"href":"https:\/\/shop.kustom.ch\/fr\/wp-json\/wp\/v2\/product_cat?post=158429"},{"taxonomy":"product_tag","embeddable":true,"href":"https:\/\/shop.kustom.ch\/fr\/wp-json\/wp\/v2\/product_tag?post=158429"}],"curies":[{"name":"wp","href":"https:\/\/api.w.org\/{rel}","templated":true}]}}