{"id":157857,"date":"2024-03-23T09:42:06","date_gmt":"2024-03-23T08:42:06","guid":{"rendered":"https:\/\/kustomshop.kinsta.cloud\/produkt\/tube-socks\/"},"modified":"2026-03-31T12:45:08","modified_gmt":"2026-03-31T11:45:08","slug":"tube-socks","status":"publish","type":"product","link":"https:\/\/shop.kustom.ch\/fr\/produit\/tube-socks\/","title":{"rendered":"Tube Socks"},"content":{"rendered":"<p>Chaussettes innovantes pour la jeune g\u00e9n\u00e9ration.<br \/>\nMat\u00e9riau fonctionnel \u00e9lastique et doux pour la peau<br \/>\ndos avec empi\u00e8cement en mesh extensible<br \/>\nSans barrette<br \/>\nPeut \u00eatre combin\u00e9 avec des chaussettes d'entra\u00eenement<br \/>\ntailles 0-15<br \/>\nMati\u00e8re : 88% polyester, 2% polyamide, 10% \u00e9lasthanne<\/p>","protected":false},"excerpt":{"rendered":"<p><span><\/span><\/p>","protected":false},"featured_media":157859,"template":"","meta":[],"product_brand":[],"product_cat":[4200],"product_tag":[],"class_list":{"0":"post-157857","1":"product","2":"type-product","3":"status-publish","4":"has-post-thumbnail","6":"product_cat-stutzen","7":"pa_brand-erima","8":"pa_brand-type-sportswear","9":"pa_filter-color-blau","10":"pa_filter-color-gelb","11":"pa_filter-color-grau","12":"pa_filter-color-gruen","13":"pa_filter-color-rot","14":"pa_filter-color-schwarz","15":"pa_filter-color-weiss","17":"first","18":"instock","19":"sale","20":"taxable","21":"shipping-taxable","22":"purchasable","23":"product-type-variable","24":"add-to-wishlist-before_image"},"exclude_global_add_ons":[],"addons":[],"acf":[],"_links":{"self":[{"href":"https:\/\/shop.kustom.ch\/fr\/wp-json\/wp\/v2\/product\/157857"}],"collection":[{"href":"https:\/\/shop.kustom.ch\/fr\/wp-json\/wp\/v2\/product"}],"about":[{"href":"https:\/\/shop.kustom.ch\/fr\/wp-json\/wp\/v2\/types\/product"}],"wp:featuredmedia":[{"embeddable":true,"href":"https:\/\/shop.kustom.ch\/fr\/wp-json\/wp\/v2\/media\/157859"}],"wp:attachment":[{"href":"https:\/\/shop.kustom.ch\/fr\/wp-json\/wp\/v2\/media?parent=157857"}],"wp:term":[{"taxonomy":"product_brand","embeddable":true,"href":"https:\/\/shop.kustom.ch\/fr\/wp-json\/wp\/v2\/product_brand?post=157857"},{"taxonomy":"product_cat","embeddable":true,"href":"https:\/\/shop.kustom.ch\/fr\/wp-json\/wp\/v2\/product_cat?post=157857"},{"taxonomy":"product_tag","embeddable":true,"href":"https:\/\/shop.kustom.ch\/fr\/wp-json\/wp\/v2\/product_tag?post=157857"}],"curies":[{"name":"wp","href":"https:\/\/api.w.org\/{rel}","templated":true}]}}