{"id":157296,"date":"2024-03-23T09:33:42","date_gmt":"2024-03-23T08:33:42","guid":{"rendered":"https:\/\/kustomshop.kinsta.cloud\/produkt\/trainingsshorts\/"},"modified":"2026-03-31T12:44:29","modified_gmt":"2026-03-31T11:44:29","slug":"trainingsshorts","status":"publish","type":"product","link":"https:\/\/shop.kustom.ch\/fr\/produit\/trainingsshorts\/","title":{"rendered":"Short d'entra\u00eenement"},"content":{"rendered":"<p>Short fonctionnel et robuste pour une libert\u00e9 de mouvement optimale.<br \/>\nMat\u00e9riau fonctionnel r\u00e9sistant pour un confort durable<br \/>\nS\u00e9chage rapide et r\u00e9gulation de l'humidit\u00e9<br \/>\nL'a\u00e9ration en mesh augmente la respirabilit\u00e9<br \/>\nTaille \u00e9lastique et r\u00e9glable<br \/>\nPoches lat\u00e9rales zipp\u00e9es<br \/>\nCoupe \u00e9troite<br \/>\nMat\u00e9riau : polyester 100%<br \/>\nInserts : 100% polyester<\/p>","protected":false},"excerpt":{"rendered":"<p><span><\/span><\/p>","protected":false},"featured_media":240445,"template":"","meta":[],"product_brand":[],"product_cat":[4198],"product_tag":[],"class_list":{"0":"post-157296","1":"product","2":"type-product","3":"status-publish","4":"has-post-thumbnail","6":"product_cat-shorts","7":"pa_brand-erima","8":"pa_brand-type-sportswear","9":"pa_filter-color-schwarz","11":"first","12":"instock","13":"sale","14":"taxable","15":"shipping-taxable","16":"purchasable","17":"product-type-variable","18":"add-to-wishlist-before_image"},"exclude_global_add_ons":[],"addons":[],"acf":[],"_links":{"self":[{"href":"https:\/\/shop.kustom.ch\/fr\/wp-json\/wp\/v2\/product\/157296"}],"collection":[{"href":"https:\/\/shop.kustom.ch\/fr\/wp-json\/wp\/v2\/product"}],"about":[{"href":"https:\/\/shop.kustom.ch\/fr\/wp-json\/wp\/v2\/types\/product"}],"wp:featuredmedia":[{"embeddable":true,"href":"https:\/\/shop.kustom.ch\/fr\/wp-json\/wp\/v2\/media\/240445"}],"wp:attachment":[{"href":"https:\/\/shop.kustom.ch\/fr\/wp-json\/wp\/v2\/media?parent=157296"}],"wp:term":[{"taxonomy":"product_brand","embeddable":true,"href":"https:\/\/shop.kustom.ch\/fr\/wp-json\/wp\/v2\/product_brand?post=157296"},{"taxonomy":"product_cat","embeddable":true,"href":"https:\/\/shop.kustom.ch\/fr\/wp-json\/wp\/v2\/product_cat?post=157296"},{"taxonomy":"product_tag","embeddable":true,"href":"https:\/\/shop.kustom.ch\/fr\/wp-json\/wp\/v2\/product_tag?post=157296"}],"curies":[{"name":"wp","href":"https:\/\/api.w.org\/{rel}","templated":true}]}}