{"id":156629,"date":"2024-03-23T09:23:34","date_gmt":"2024-03-23T08:23:34","guid":{"rendered":"https:\/\/kustomshop.kinsta.cloud\/produkt\/six-wings-trikot\/"},"modified":"2026-03-31T12:43:31","modified_gmt":"2026-03-31T11:43:31","slug":"six-wings-trikot","status":"publish","type":"product","link":"https:\/\/shop.kustom.ch\/fr\/produit\/six-wings-trikot\/","title":{"rendered":"Maillot Six Wings"},"content":{"rendered":"<p>Notre produit polyvalent pour les sports d'\u00e9quipe, fabriqu\u00e9 \u00e0 partir de mat\u00e9riaux recycl\u00e9s.<br \/>\nMat\u00e9riau r\u00e9sistant et \u00e0 s\u00e9chage rapide<br \/>\nFabriqu\u00e9 en polyester recycl\u00e9<br \/>\nCol renforc\u00e9<br \/>\nOurlet l\u00e9g\u00e8rement arrondi<br \/>\nDesign ERIMA en forme de balancier sur l'\u00e9paule<br \/>\nMati\u00e8re : 100% polyester recycl\u00e9<\/p>","protected":false},"excerpt":{"rendered":"<p><span><\/span><\/p>","protected":false},"featured_media":156624,"template":"","meta":[],"product_brand":[],"product_cat":[4205],"product_tag":[],"class_list":{"0":"post-156629","1":"product","2":"type-product","3":"status-publish","4":"has-post-thumbnail","6":"product_cat-trikots","7":"pa_brand-erima","8":"pa_brand-type-sportswear","9":"pa_filter-color-blau","10":"pa_filter-color-gelb","11":"pa_filter-color-grau","12":"pa_filter-color-gruen","13":"pa_filter-color-rot","14":"pa_filter-color-schwarz","15":"pa_filter-color-weiss","17":"first","18":"instock","19":"sale","20":"taxable","21":"shipping-taxable","22":"purchasable","23":"product-type-variable","24":"add-to-wishlist-before_image"},"exclude_global_add_ons":[],"addons":[],"acf":[],"_links":{"self":[{"href":"https:\/\/shop.kustom.ch\/fr\/wp-json\/wp\/v2\/product\/156629"}],"collection":[{"href":"https:\/\/shop.kustom.ch\/fr\/wp-json\/wp\/v2\/product"}],"about":[{"href":"https:\/\/shop.kustom.ch\/fr\/wp-json\/wp\/v2\/types\/product"}],"wp:featuredmedia":[{"embeddable":true,"href":"https:\/\/shop.kustom.ch\/fr\/wp-json\/wp\/v2\/media\/156624"}],"wp:attachment":[{"href":"https:\/\/shop.kustom.ch\/fr\/wp-json\/wp\/v2\/media?parent=156629"}],"wp:term":[{"taxonomy":"product_brand","embeddable":true,"href":"https:\/\/shop.kustom.ch\/fr\/wp-json\/wp\/v2\/product_brand?post=156629"},{"taxonomy":"product_cat","embeddable":true,"href":"https:\/\/shop.kustom.ch\/fr\/wp-json\/wp\/v2\/product_cat?post=156629"},{"taxonomy":"product_tag","embeddable":true,"href":"https:\/\/shop.kustom.ch\/fr\/wp-json\/wp\/v2\/product_tag?post=156629"}],"curies":[{"name":"wp","href":"https:\/\/api.w.org\/{rel}","templated":true}]}}