{"id":156314,"date":"2024-03-23T09:18:47","date_gmt":"2024-03-23T08:18:47","guid":{"rendered":"https:\/\/kustomshop.kinsta.cloud\/produkt\/madrid-trikot\/"},"modified":"2026-04-07T14:27:30","modified_gmt":"2026-04-07T13:27:30","slug":"madrid-trikot","status":"publish","type":"product","link":"https:\/\/shop.kustom.ch\/fr\/produit\/madrid-trikot\/","title":{"rendered":"Maillot Madrid"},"content":{"rendered":"<p>Un design moderne alli\u00e9 \u00e0 une fonctionnalit\u00e9 totale.<br \/>\nMat\u00e9riau \u00e0 s\u00e9chage rapide<br \/>\nCol renforc\u00e9<br \/>\nManches raglan pour une plus grande libert\u00e9 de mouvement<br \/>\nR\u00e9sistant \u00e0 l'usure et \u00e0 la d\u00e9chirure<br \/>\nAspect moderne de l'imprim\u00e9<br \/>\nMat\u00e9riau : polyester 100%<\/p>","protected":false},"excerpt":{"rendered":"<p><span><\/span><\/p>","protected":false},"featured_media":156310,"template":"","meta":[],"product_brand":[],"product_cat":[4205],"product_tag":[],"class_list":{"0":"post-156314","1":"product","2":"type-product","3":"status-publish","4":"has-post-thumbnail","6":"product_cat-trikots","7":"pa_brand-erima","8":"pa_brand-type-sportswear","9":"pa_filter-color-blau","10":"pa_filter-color-gelb","11":"pa_filter-color-grau","12":"pa_filter-color-gruen","13":"pa_filter-color-orange","14":"pa_filter-color-rot","15":"pa_filter-color-schwarz","16":"pa_filter-color-weiss","18":"first","19":"instock","20":"sale","21":"taxable","22":"shipping-taxable","23":"purchasable","24":"product-type-variable","25":"add-to-wishlist-before_image"},"exclude_global_add_ons":[],"addons":[],"acf":[],"_links":{"self":[{"href":"https:\/\/shop.kustom.ch\/fr\/wp-json\/wp\/v2\/product\/156314"}],"collection":[{"href":"https:\/\/shop.kustom.ch\/fr\/wp-json\/wp\/v2\/product"}],"about":[{"href":"https:\/\/shop.kustom.ch\/fr\/wp-json\/wp\/v2\/types\/product"}],"wp:featuredmedia":[{"embeddable":true,"href":"https:\/\/shop.kustom.ch\/fr\/wp-json\/wp\/v2\/media\/156310"}],"wp:attachment":[{"href":"https:\/\/shop.kustom.ch\/fr\/wp-json\/wp\/v2\/media?parent=156314"}],"wp:term":[{"taxonomy":"product_brand","embeddable":true,"href":"https:\/\/shop.kustom.ch\/fr\/wp-json\/wp\/v2\/product_brand?post=156314"},{"taxonomy":"product_cat","embeddable":true,"href":"https:\/\/shop.kustom.ch\/fr\/wp-json\/wp\/v2\/product_cat?post=156314"},{"taxonomy":"product_tag","embeddable":true,"href":"https:\/\/shop.kustom.ch\/fr\/wp-json\/wp\/v2\/product_tag?post=156314"}],"curies":[{"name":"wp","href":"https:\/\/api.w.org\/{rel}","templated":true}]}}