{"id":156025,"date":"2024-03-23T09:14:17","date_gmt":"2024-03-23T08:14:17","guid":{"rendered":"https:\/\/kustomshop.kinsta.cloud\/produkt\/liga-star-trainingshose\/"},"modified":"2026-03-31T12:43:01","modified_gmt":"2026-03-31T11:43:01","slug":"liga-star-trainingshose","status":"publish","type":"product","link":"https:\/\/shop.kustom.ch\/fr\/produit\/liga-star-trainingshose\/","title":{"rendered":"Pantalon d'entra\u00eenement LIGA STAR"},"content":{"rendered":"<p>Pour chaque s\u00e9ance d'entra\u00eenement : Le pantalon de surv\u00eatement LIGA STAR est extr\u00eamement robuste.<br \/>\nMat\u00e9riau fonctionnel r\u00e9sistant<br \/>\nPoches lat\u00e9rales zipp\u00e9es<br \/>\nCeinture \u00e9lastique avec cordon de serrage int\u00e9rieur<br \/>\nBas de jambe avec empi\u00e8cement ajust\u00e9 au mollet et fermeture \u00e0 glissi\u00e8re<br \/>\nMat\u00e9riau : polyester 100%<\/p>","protected":false},"excerpt":{"rendered":"<p><span><\/span><\/p>","protected":false},"featured_media":156023,"template":"","meta":[],"product_brand":[],"product_cat":[4185],"product_tag":[],"class_list":{"0":"post-156025","1":"product","2":"type-product","3":"status-publish","4":"has-post-thumbnail","6":"product_cat-hosen","7":"pa_brand-erima","8":"pa_brand-type-sportswear","9":"pa_filter-color-schwarz","11":"first","12":"instock","13":"sale","14":"taxable","15":"shipping-taxable","16":"purchasable","17":"product-type-variable","18":"add-to-wishlist-before_image"},"exclude_global_add_ons":[],"addons":[],"acf":[],"_links":{"self":[{"href":"https:\/\/shop.kustom.ch\/fr\/wp-json\/wp\/v2\/product\/156025"}],"collection":[{"href":"https:\/\/shop.kustom.ch\/fr\/wp-json\/wp\/v2\/product"}],"about":[{"href":"https:\/\/shop.kustom.ch\/fr\/wp-json\/wp\/v2\/types\/product"}],"wp:featuredmedia":[{"embeddable":true,"href":"https:\/\/shop.kustom.ch\/fr\/wp-json\/wp\/v2\/media\/156023"}],"wp:attachment":[{"href":"https:\/\/shop.kustom.ch\/fr\/wp-json\/wp\/v2\/media?parent=156025"}],"wp:term":[{"taxonomy":"product_brand","embeddable":true,"href":"https:\/\/shop.kustom.ch\/fr\/wp-json\/wp\/v2\/product_brand?post=156025"},{"taxonomy":"product_cat","embeddable":true,"href":"https:\/\/shop.kustom.ch\/fr\/wp-json\/wp\/v2\/product_cat?post=156025"},{"taxonomy":"product_tag","embeddable":true,"href":"https:\/\/shop.kustom.ch\/fr\/wp-json\/wp\/v2\/product_tag?post=156025"}],"curies":[{"name":"wp","href":"https:\/\/api.w.org\/{rel}","templated":true}]}}