{"id":156010,"date":"2024-03-23T09:14:01","date_gmt":"2024-03-23T08:14:01","guid":{"rendered":"https:\/\/kustomshop.kinsta.cloud\/produkt\/team-regenhose\/"},"modified":"2026-03-31T12:42:55","modified_gmt":"2026-03-31T11:42:55","slug":"team-regenhose","status":"publish","type":"product","link":"https:\/\/shop.kustom.ch\/fr\/produit\/team-regenhose\/","title":{"rendered":"Pantalon de pluie Team"},"content":{"rendered":"<p>Plus d'excuses en cas de mauvais temps : le pantalon de pluie est parfait \u00e0 enfiler pour toutes les activit\u00e9s de plein air !<br \/>\nR\u00e9sistant au vent et \u00e0 l'eau gr\u00e2ce \u00e0 une colonne d'eau de 1.500 mm<br \/>\nCeinture \u00e9lastique avec cordon de serrage<br \/>\nPoches lat\u00e9rales zipp\u00e9es<br \/>\nfermeture \u00e9clair \u00e0 l'ourlet jusqu'au mollet<br \/>\nMat\u00e9riau : polyester 100%<\/p>","protected":false},"excerpt":{"rendered":"<p><span><\/span><\/p>","protected":false},"featured_media":156008,"template":"","meta":[],"product_brand":[],"product_cat":[4185],"product_tag":[],"class_list":{"0":"post-156010","1":"product","2":"type-product","3":"status-publish","4":"has-post-thumbnail","6":"product_cat-hosen","7":"pa_brand-erima","8":"pa_brand-type-sportswear","9":"pa_filter-color-schwarz","11":"first","12":"instock","13":"sale","14":"taxable","15":"shipping-taxable","16":"purchasable","17":"product-type-variable","18":"add-to-wishlist-before_image"},"exclude_global_add_ons":[],"addons":[],"acf":[],"_links":{"self":[{"href":"https:\/\/shop.kustom.ch\/fr\/wp-json\/wp\/v2\/product\/156010"}],"collection":[{"href":"https:\/\/shop.kustom.ch\/fr\/wp-json\/wp\/v2\/product"}],"about":[{"href":"https:\/\/shop.kustom.ch\/fr\/wp-json\/wp\/v2\/types\/product"}],"wp:featuredmedia":[{"embeddable":true,"href":"https:\/\/shop.kustom.ch\/fr\/wp-json\/wp\/v2\/media\/156008"}],"wp:attachment":[{"href":"https:\/\/shop.kustom.ch\/fr\/wp-json\/wp\/v2\/media?parent=156010"}],"wp:term":[{"taxonomy":"product_brand","embeddable":true,"href":"https:\/\/shop.kustom.ch\/fr\/wp-json\/wp\/v2\/product_brand?post=156010"},{"taxonomy":"product_cat","embeddable":true,"href":"https:\/\/shop.kustom.ch\/fr\/wp-json\/wp\/v2\/product_cat?post=156010"},{"taxonomy":"product_tag","embeddable":true,"href":"https:\/\/shop.kustom.ch\/fr\/wp-json\/wp\/v2\/product_tag?post=156010"}],"curies":[{"name":"wp","href":"https:\/\/api.w.org\/{rel}","templated":true}]}}