{"id":155929,"date":"2024-03-23T09:12:40","date_gmt":"2024-03-23T08:12:40","guid":{"rendered":"https:\/\/kustomshop.kinsta.cloud\/produkt\/trainingshose-tec-2-0\/"},"modified":"2026-03-31T12:42:47","modified_gmt":"2026-03-31T11:42:47","slug":"trainingshose-tec-2-0","status":"publish","type":"product","link":"https:\/\/shop.kustom.ch\/fr\/produit\/trainingshose-tec-2-0\/","title":{"rendered":"Pantalon d'entra\u00eenement Tec 2.0"},"content":{"rendered":"<p>Fiable, robuste et confortable. Entra\u00eenement apr\u00e8s entra\u00eenement.<br \/>\nPolyester fonctionnel extr\u00eamement r\u00e9sistant<br \/>\nCoupe \u00e9troite<br \/>\nRenforc\u00e9 au niveau des hanches et des genoux pour une plus grande durabilit\u00e9<br \/>\nBas de jambe avec empi\u00e8cement lat\u00e9ral au niveau du mollet et fermeture \u00e0 glissi\u00e8re<br \/>\nMat\u00e9riau : polyester 100%<br \/>\nInserts : 100% polyester<\/p>","protected":false},"excerpt":{"rendered":"<p><span><\/span><\/p>","protected":false},"featured_media":155926,"template":"","meta":[],"product_brand":[],"product_cat":[4185],"product_tag":[],"class_list":{"0":"post-155929","1":"product","2":"type-product","3":"status-publish","4":"has-post-thumbnail","6":"product_cat-hosen","7":"pa_brand-erima","8":"pa_brand-type-sportswear","9":"pa_filter-color-schwarz","11":"first","12":"instock","13":"sale","14":"taxable","15":"shipping-taxable","16":"purchasable","17":"product-type-variable","18":"add-to-wishlist-before_image"},"exclude_global_add_ons":[],"addons":[],"acf":[],"_links":{"self":[{"href":"https:\/\/shop.kustom.ch\/fr\/wp-json\/wp\/v2\/product\/155929"}],"collection":[{"href":"https:\/\/shop.kustom.ch\/fr\/wp-json\/wp\/v2\/product"}],"about":[{"href":"https:\/\/shop.kustom.ch\/fr\/wp-json\/wp\/v2\/types\/product"}],"wp:featuredmedia":[{"embeddable":true,"href":"https:\/\/shop.kustom.ch\/fr\/wp-json\/wp\/v2\/media\/155926"}],"wp:attachment":[{"href":"https:\/\/shop.kustom.ch\/fr\/wp-json\/wp\/v2\/media?parent=155929"}],"wp:term":[{"taxonomy":"product_brand","embeddable":true,"href":"https:\/\/shop.kustom.ch\/fr\/wp-json\/wp\/v2\/product_brand?post=155929"},{"taxonomy":"product_cat","embeddable":true,"href":"https:\/\/shop.kustom.ch\/fr\/wp-json\/wp\/v2\/product_cat?post=155929"},{"taxonomy":"product_tag","embeddable":true,"href":"https:\/\/shop.kustom.ch\/fr\/wp-json\/wp\/v2\/product_tag?post=155929"}],"curies":[{"name":"wp","href":"https:\/\/api.w.org\/{rel}","templated":true}]}}