{"id":155894,"date":"2024-03-23T09:12:07","date_gmt":"2024-03-23T08:12:07","guid":{"rendered":"https:\/\/kustomshop.kinsta.cloud\/produkt\/team-regentop\/"},"modified":"2026-03-31T12:42:45","modified_gmt":"2026-03-31T11:42:45","slug":"team-regentop","status":"publish","type":"product","link":"https:\/\/shop.kustom.ch\/fr\/produit\/team-regentop\/","title":{"rendered":"Top de pluie de l'\u00e9quipe"},"content":{"rendered":"<p>Prot\u00e8ge efficacement contre les pr\u00e9cipitations : Le d\u00e9bardeur de pluie te prot\u00e8ge au mieux gr\u00e2ce \u00e0 sa colonne d'eau de 1 500 mm.<br \/>\nR\u00e9sistant au vent et \u00e0 l'eau gr\u00e2ce \u00e0 une colonne d'eau de 1.500 mm<br \/>\nCoutures principales soud\u00e9es<br \/>\nfermeture \u00e9clair demi-zip avec protection du menton<br \/>\nCol montant<br \/>\nDoublure en mesh<br \/>\nBande \u00e9troite \u00e0 l'ourlet et aux manches<br \/>\nMat\u00e9riau : polyester 100%<\/p>","protected":false},"excerpt":{"rendered":"<p><span><\/span><\/p>","protected":false},"featured_media":155892,"template":"","meta":[],"product_brand":[],"product_cat":[4186],"product_tag":[],"class_list":{"0":"post-155894","1":"product","2":"type-product","3":"status-publish","4":"has-post-thumbnail","6":"product_cat-jacken","7":"pa_brand-erima","8":"pa_brand-type-sportswear","9":"pa_filter-color-schwarz","11":"first","12":"instock","13":"sale","14":"taxable","15":"shipping-taxable","16":"purchasable","17":"product-type-variable","18":"add-to-wishlist-before_image"},"exclude_global_add_ons":[],"addons":[],"acf":[],"_links":{"self":[{"href":"https:\/\/shop.kustom.ch\/fr\/wp-json\/wp\/v2\/product\/155894"}],"collection":[{"href":"https:\/\/shop.kustom.ch\/fr\/wp-json\/wp\/v2\/product"}],"about":[{"href":"https:\/\/shop.kustom.ch\/fr\/wp-json\/wp\/v2\/types\/product"}],"wp:featuredmedia":[{"embeddable":true,"href":"https:\/\/shop.kustom.ch\/fr\/wp-json\/wp\/v2\/media\/155892"}],"wp:attachment":[{"href":"https:\/\/shop.kustom.ch\/fr\/wp-json\/wp\/v2\/media?parent=155894"}],"wp:term":[{"taxonomy":"product_brand","embeddable":true,"href":"https:\/\/shop.kustom.ch\/fr\/wp-json\/wp\/v2\/product_brand?post=155894"},{"taxonomy":"product_cat","embeddable":true,"href":"https:\/\/shop.kustom.ch\/fr\/wp-json\/wp\/v2\/product_cat?post=155894"},{"taxonomy":"product_tag","embeddable":true,"href":"https:\/\/shop.kustom.ch\/fr\/wp-json\/wp\/v2\/product_tag?post=155894"}],"curies":[{"name":"wp","href":"https:\/\/api.w.org\/{rel}","templated":true}]}}