{"id":155856,"date":"2024-03-23T09:11:30","date_gmt":"2024-03-23T08:11:30","guid":{"rendered":"https:\/\/kustomshop.kinsta.cloud\/produkt\/performance-rock\/"},"modified":"2026-03-31T12:42:44","modified_gmt":"2026-03-31T11:42:44","slug":"performance-rock","status":"publish","type":"product","link":"https:\/\/shop.kustom.ch\/fr\/produit\/performance-rock\/","title":{"rendered":"Performance Rock"},"content":{"rendered":"<p>Avec cette jupe de tennis fonctionnelle avec sous-v\u00eatement int\u00e9gr\u00e9, tu feras bonne figure sur le court.<br \/>\nMat\u00e9riau fonctionnel \u00e9lastique<br \/>\nSous-pantalon int\u00e9gr\u00e9 avec poches plaqu\u00e9es<br \/>\nPli lat\u00e9ral rabattu<br \/>\nLarge ceinture avec un \u00e9lastique \u00e9troit<br \/>\nCoutures plates pour un grand confort<br \/>\nMati\u00e8re : 92% polyester, 8% \u00e9lasthanne<\/p>","protected":false},"excerpt":{"rendered":"<p><span><\/span><\/p>","protected":false},"featured_media":155854,"template":"","meta":[],"product_brand":[],"product_cat":[4194],"product_tag":[],"class_list":{"0":"post-155856","1":"product","2":"type-product","3":"status-publish","4":"has-post-thumbnail","6":"product_cat-roecke","7":"pa_brand-erima","8":"pa_brand-type-sportswear","9":"pa_filter-color-grau","10":"pa_filter-color-schwarz","11":"pa_filter-color-weiss","13":"first","14":"instock","15":"sale","16":"taxable","17":"shipping-taxable","18":"purchasable","19":"product-type-variable","20":"add-to-wishlist-before_image"},"exclude_global_add_ons":[],"addons":[],"acf":[],"_links":{"self":[{"href":"https:\/\/shop.kustom.ch\/fr\/wp-json\/wp\/v2\/product\/155856"}],"collection":[{"href":"https:\/\/shop.kustom.ch\/fr\/wp-json\/wp\/v2\/product"}],"about":[{"href":"https:\/\/shop.kustom.ch\/fr\/wp-json\/wp\/v2\/types\/product"}],"wp:featuredmedia":[{"embeddable":true,"href":"https:\/\/shop.kustom.ch\/fr\/wp-json\/wp\/v2\/media\/155854"}],"wp:attachment":[{"href":"https:\/\/shop.kustom.ch\/fr\/wp-json\/wp\/v2\/media?parent=155856"}],"wp:term":[{"taxonomy":"product_brand","embeddable":true,"href":"https:\/\/shop.kustom.ch\/fr\/wp-json\/wp\/v2\/product_brand?post=155856"},{"taxonomy":"product_cat","embeddable":true,"href":"https:\/\/shop.kustom.ch\/fr\/wp-json\/wp\/v2\/product_cat?post=155856"},{"taxonomy":"product_tag","embeddable":true,"href":"https:\/\/shop.kustom.ch\/fr\/wp-json\/wp\/v2\/product_tag?post=155856"}],"curies":[{"name":"wp","href":"https:\/\/api.w.org\/{rel}","templated":true}]}}